{"id":616,"date":"2022-11-08T12:35:35","date_gmt":"2022-11-08T12:35:35","guid":{"rendered":"https:\/\/crveni-kriz-delnice.hr\/?page_id=616"},"modified":"2022-11-08T12:36:42","modified_gmt":"2022-11-08T12:36:42","slug":"mala-skola-roditeljstva","status":"publish","type":"page","link":"https:\/\/crveni-kriz-delnice.hr\/index.php\/mala-skola-roditeljstva\/","title":{"rendered":"Mala \u0161kola roditeljstva"},"content":{"rendered":"<p>[et_pb_section fb_built=&#8221;1&#8243; _builder_version=&#8221;4.19.0&#8243; background_color=&#8221;#e2e2e4&#8243; background_image=&#8221;https:\/\/crveni-kriz-delnice.hr\/wp-content\/uploads\/2022\/11\/mala-sko_backgr.jpg&#8221; background_size=&#8221;contain&#8221; custom_padding=&#8221;24px||2px|||&#8221; hover_enabled=&#8221;0&#8243; global_colors_info=&#8221;{}&#8221; sticky_enabled=&#8221;0&#8243;][et_pb_row _builder_version=&#8221;4.16&#8243; width=&#8221;90%&#8221; width_tablet=&#8221;90%&#8221; width_phone=&#8221;90%&#8221; width_last_edited=&#8221;on|desktop&#8221; global_colors_info=&#8221;{}&#8221;][et_pb_column type=&#8221;4_4&#8243; _builder_version=&#8221;4.16&#8243; custom_padding=&#8221;|||&#8221; global_colors_info=&#8221;{}&#8221; custom_padding__hover=&#8221;|||&#8221;][et_pb_text _builder_version=&#8221;4.19.0&#8243; header_font=&#8221;|800|||||||&#8221; header_text_align=&#8221;left&#8221; header_font_size=&#8221;60px&#8221; width=&#8221;60%&#8221; width_tablet=&#8221;90%&#8221; width_phone=&#8221;90%&#8221; width_last_edited=&#8221;on|phone&#8221; header_font_size_tablet=&#8221;&#8221; header_font_size_phone=&#8221;30px&#8221; header_font_size_last_edited=&#8221;on|phone&#8221; border_width_bottom=&#8221;4px&#8221; border_color_bottom=&#8221;#e02b20&#8243; global_colors_info=&#8221;{}&#8221;]<\/p>\n<div class=\"entry-content clear\" itemprop=\"text\">\n<h1><strong>Mala \u0161kola roditeljstva<\/strong><\/h1>\n<\/div>\n<p>[\/et_pb_text][et_pb_text _builder_version=&#8221;4.19.0&#8243; text_font=&#8221;||||||||&#8221; text_font_size=&#8221;16px&#8221; text_line_height=&#8221;1.8em&#8221; width=&#8221;60%&#8221; width_tablet=&#8221;90%&#8221; width_phone=&#8221;90%&#8221; width_last_edited=&#8221;on|phone&#8221; global_colors_info=&#8221;{}&#8221;]<\/p>\n<p><strong>NAZIV PROJEKTA:<\/strong><br \/>Projekti udruga usmjerenih podr\u0161ci roditeljstvu za 2021. godinu<\/p>\n<p><strong>NAZIV PROGRAMA:<\/strong><br \/>\u201cMala \u0161kola roditeljstva\u201c\u2013 Savjetovali\u0161te IZVOR<br \/><strong>NOSITELJ PROJEKTA:<\/strong><br \/>Hrvatski Crveni kri\u017e Gradsko dru\u0161tvo Crvenog kri\u017ea Delnice<br \/><strong>PERIOD PROVEDBE PROJEKTA:<\/strong><br \/>od 01.09.2021. do 31.08.2022.<br \/><strong>UPRAVLJA\u010cKO TIJELO (UT):<\/strong><br \/>SREDI\u0160NJI DR\u017dAVNI URED ZA DEMOGRAFIJU I MLADE<\/p>\n<p><strong>FINANCIRANJE:<\/strong><br \/>Bespovratna sredstva 100%,<\/p>\n<p><strong>VRIJEDNOST PROJEKTA:<\/strong> 100.000,00 HRK<br \/><strong>PROJEKTNI PARTNERI:<\/strong> Centar za socijalnu skrb \u2013 Podru\u017enica Delnice<\/p>\n<p><strong>SURADNICI:<\/strong><\/p>\n<ul>\n<li>Osnovna \u0161kola Ivana Gorana Kova\u010di\u0107a, Delnice<\/li>\n<li>Osnovna \u0161kola Ivana Gorana Kova\u010di\u0107a, Vrbovsko<\/li>\n<li>Osnovna \u0161kola dr. Branimira Markovi\u0107a, Ravna Gora<\/li>\n<li>Osnovna \u0161kola Petar Zrinski, \u010cabar<\/li>\n<li>Dje\u010dji vrti\u0107 \u201e\u0160areni svemir\u201c iz Delnica<\/li>\n<\/ul>\n<p><strong>PROJEKTNO PODRU\u010cJE:<\/strong> Prioritetno podru\u010dje provedbe programa\/projekta je pru\u017eanje aktivne podr\u0161ke obiteljima putem edukativnih radionica \u201eMala \u0161kola roditeljstva\u201c na podru\u010dju:<\/p>\n<ul>\n<li>Grada Delnica<\/li>\n<li>Grada Vrbovskog<\/li>\n<li>Grada \u010cabra<\/li>\n<li>Op\u0107ine Ravna Gora<\/li>\n<\/ul>\n<p>&nbsp;<\/p>\n<ul>\n<li>O\u0160 Petar Zrinski , \u010cabar<\/li>\n<li>O\u0160 Ivana Gorana Kova\u010di\u0107a, Delnice<\/li>\n<li>O\u0160 Ivana Gorana Kova\u010di\u0107a, Vrbovsko<\/li>\n<li>Obrt Snje\u0161ko Smje\u0161ko &amp; \u0160areni svemir, Delnice<\/li>\n<\/ul>\n<p><strong>CILJ PROJEKTA:<\/strong> Pru\u017eiti aktivnu podr\u0161ku roditeljima i pridonijeti uskla\u0111enju obiteljskog i profesionalnog \u017eivota. Pru\u017eiti podr\u0161ku roditeljima u ostvarivanju njihove roditeljske uloge, omogu\u0107iti emocionalno osna\u017eivanje obitelji, uz naglasak na psiholo\u0161ke aspekte samohranog roditeljstva.<\/p>\n<ul>\n<li>edukativna izobrazba roditelja o odgoju i obrazovanju djece,<\/li>\n<li>aktivna uloga oba roditelja i njihov doprinos u razvoju djeteta,<\/li>\n<li>podizanje znanja i svijesti gra\u0111ana o pravima obitelji i ulogama oba roditelja u<br \/>odgoju djece,<\/li>\n<li>osna\u017eivanje roditeljskih uloga i pru\u017eanje podr\u0161ke obiteljima u prevladavanju svih<br \/>oblika pote\u0161ko\u0107a i \u017eivotnih situacija.<\/li>\n<\/ul>\n<p><strong>CILJANE SKUPINE:<\/strong>\u00a0<\/p>\n<ul>\n<li>roditelji pred\u0161kolske i mla\u0111e \u0161kolske dobi,<\/li>\n<li>roditelji korisnici usluga savjetovanja i pomaganja Savjetovali\u0161ta IZVOR:<\/li>\n<li>roditelji koji imaju podijeljenju tradicionalnu ulogu o\u010deva i majki,<\/li>\n<li>roditelji koji imaju pote\u0161ko\u0107a u partnerskim odnosima,<\/li>\n<li>jednoroditeljske obitelji (samohrani roditelji, roditelji koji nisu u braku ili izvanbra\u010dnoj zajednici,<\/li>\n<li>poslodavci , lokalni poduzetnici, obrtnici<\/li>\n<\/ul>\n<p><strong>Provoditelji\/ nositelji provedbe projekta:<\/strong><\/p>\n<ul>\n<li>Volonteri GDCK Delnice Savjetovali\u0161te IZVOR<\/li>\n<li>Tanja Jakovac,<\/li>\n<li>Ksenija Petelin<\/li>\n<li>Gordana Grguri\u0107<\/li>\n<li>Snje\u017eana Krizmani\u0107, voditelj Projekta<\/li>\n<li>Vanja \u010cavi\u0107, administrator<\/li>\n<\/ul>\n<p>[\/et_pb_text][\/et_pb_column][\/et_pb_row][\/et_pb_section][et_pb_section fb_built=&#8221;1&#8243; _builder_version=&#8221;4.16&#8243; background_color=&#8221;#222222&#8243; custom_padding=&#8221;6px|||||&#8221; locked=&#8221;off&#8221; global_colors_info=&#8221;{}&#8221;][et_pb_row column_structure=&#8221;1_3,1_3,1_3&#8243; _builder_version=&#8221;4.16&#8243; width=&#8221;90%&#8221; custom_margin=&#8221;-2px|auto||auto||&#8221; locked=&#8221;off&#8221; global_colors_info=&#8221;{}&#8221;][et_pb_column type=&#8221;1_3&#8243; _builder_version=&#8221;4.16&#8243; custom_padding=&#8221;|||&#8221; global_colors_info=&#8221;{}&#8221; custom_padding__hover=&#8221;|||&#8221;][et_pb_text _builder_version=&#8221;4.18.0&#8243; global_colors_info=&#8221;{}&#8221;]<\/p>\n<p><span style=\"color: #cd5c5c;\"><strong><span style=\"color: #cd5c5c;\">GRADSKO DRU\u0160TVO CRVENOG KRI\u017dA DELNICE<\/span><br \/><\/strong><\/span><\/p>\n<p>Ravnatelj\/ica: Snje\u017eana Krizmani\u0107, prof.<br \/>Predsjednik\/ica: <span lang=\"EN-US\">Marina Raukar<\/span><\/p>\n<p>Adresa: \u0160kolska 25<br \/>Grad: Delnice<br \/>Po\u0161tanski broj: 51 300<\/p>\n<p>[\/et_pb_text][\/et_pb_column][et_pb_column type=&#8221;1_3&#8243; _builder_version=&#8221;4.16&#8243; custom_padding=&#8221;|||&#8221; global_colors_info=&#8221;{}&#8221; custom_padding__hover=&#8221;|||&#8221;][et_pb_image src=&#8221;https:\/\/crveni-kriz-delnice.hr\/wp-content\/uploads\/2022\/07\/CK_krug2.png&#8221; align_tablet=&#8221;center&#8221; align_phone=&#8221;center&#8221; align_last_edited=&#8221;on|desktop&#8221; _builder_version=&#8221;4.16&#8243; width=&#8221;50%&#8221; module_alignment=&#8221;center&#8221; custom_padding=&#8221;0px|||||&#8221; global_colors_info=&#8221;{}&#8221;][\/et_pb_image][et_pb_image src=&#8221;https:\/\/crveni-kriz-delnice.hr\/wp-content\/uploads\/2022\/08\/sredis\u030cnji-drz\u030cavni-ured-za-demografiju-mlade-logo.png&#8221; align_tablet=&#8221;center&#8221; align_phone=&#8221;center&#8221; align_last_edited=&#8221;on|desktop&#8221; _builder_version=&#8221;4.16&#8243; global_colors_info=&#8221;{}&#8221;][\/et_pb_image][\/et_pb_column][et_pb_column type=&#8221;1_3&#8243; _builder_version=&#8221;4.16&#8243; custom_padding=&#8221;|||&#8221; global_colors_info=&#8221;{}&#8221; custom_padding__hover=&#8221;|||&#8221;][et_pb_text _builder_version=&#8221;4.16&#8243; global_colors_info=&#8221;{}&#8221;]<\/p>\n<p>Telefon: 051 812 686<br \/> Fax: 051 812 686<\/p>\n<p> E-mail: <a href=\"mailto:hck.delnice@hi.t-com.hr\">hck.delnice@hi.t-com.hr<\/a><\/p>\n<p>Facebook: <a href=\"https:\/\/hr-hr.facebook.com\/ckdelnice\/\">Gradsko dru\u0161tvo Crvenog kri\u017ea Delnice<\/a><\/p>\n<p>[\/et_pb_text][\/et_pb_column][\/et_pb_row][\/et_pb_section]<\/p>\n","protected":false},"excerpt":{"rendered":"<p>Mala \u0161kola roditeljstva NAZIV PROJEKTA:Projekti udruga usmjerenih podr\u0161ci roditeljstvu za 2021. godinu NAZIV PROGRAMA:\u201cMala \u0161kola roditeljstva\u201c\u2013 Savjetovali\u0161te IZVORNOSITELJ PROJEKTA:Hrvatski Crveni kri\u017e Gradsko dru\u0161tvo Crvenog kri\u017ea DelnicePERIOD PROVEDBE PROJEKTA:od 01.09.2021. do 31.08.2022.UPRAVLJA\u010cKO TIJELO (UT):SREDI\u0160NJI DR\u017dAVNI URED ZA DEMOGRAFIJU I MLADE FINANCIRANJE:Bespovratna sredstva 100%, VRIJEDNOST PROJEKTA: 100.000,00 HRKPROJEKTNI PARTNERI: Centar za socijalnu skrb \u2013 Podru\u017enica Delnice SURADNICI: [&hellip;]<\/p>\n","protected":false},"author":1,"featured_media":0,"parent":0,"menu_order":0,"comment_status":"closed","ping_status":"closed","template":"","meta":{"_et_pb_use_builder":"on","_et_pb_old_content":"","_et_gb_content_width":"","footnotes":""},"class_list":["post-616","page","type-page","status-publish","hentry"],"_links":{"self":[{"href":"https:\/\/crveni-kriz-delnice.hr\/index.php\/wp-json\/wp\/v2\/pages\/616","targetHints":{"allow":["GET"]}}],"collection":[{"href":"https:\/\/crveni-kriz-delnice.hr\/index.php\/wp-json\/wp\/v2\/pages"}],"about":[{"href":"https:\/\/crveni-kriz-delnice.hr\/index.php\/wp-json\/wp\/v2\/types\/page"}],"author":[{"embeddable":true,"href":"https:\/\/crveni-kriz-delnice.hr\/index.php\/wp-json\/wp\/v2\/users\/1"}],"replies":[{"embeddable":true,"href":"https:\/\/crveni-kriz-delnice.hr\/index.php\/wp-json\/wp\/v2\/comments?post=616"}],"version-history":[{"count":3,"href":"https:\/\/crveni-kriz-delnice.hr\/index.php\/wp-json\/wp\/v2\/pages\/616\/revisions"}],"predecessor-version":[{"id":623,"href":"https:\/\/crveni-kriz-delnice.hr\/index.php\/wp-json\/wp\/v2\/pages\/616\/revisions\/623"}],"wp:attachment":[{"href":"https:\/\/crveni-kriz-delnice.hr\/index.php\/wp-json\/wp\/v2\/media?parent=616"}],"curies":[{"name":"wp","href":"https:\/\/api.w.org\/{rel}","templated":true}]}}