{"id":607,"date":"2022-11-08T12:19:20","date_gmt":"2022-11-08T12:19:20","guid":{"rendered":"https:\/\/crveni-kriz-delnice.hr\/?page_id=607"},"modified":"2023-01-19T09:23:33","modified_gmt":"2023-01-19T09:23:33","slug":"vrisak","status":"publish","type":"page","link":"https:\/\/crveni-kriz-delnice.hr\/index.php\/vrisak\/","title":{"rendered":"Vrisak"},"content":{"rendered":"<p>[et_pb_section fb_built=&#8221;1&#8243; _builder_version=&#8221;4.19.0&#8243; background_color=&#8221;#e2e2e4&#8243; background_image=&#8221;https:\/\/crveni-kriz-delnice.hr\/wp-content\/uploads\/2022\/11\/vrisak_backgr.jpg&#8221; background_size=&#8221;contain&#8221; custom_padding=&#8221;24px||2px|||&#8221; global_colors_info=&#8221;{}&#8221;][et_pb_row _builder_version=&#8221;4.16&#8243; width=&#8221;90%&#8221; width_tablet=&#8221;90%&#8221; width_phone=&#8221;90%&#8221; width_last_edited=&#8221;on|desktop&#8221; global_colors_info=&#8221;{}&#8221;][et_pb_column type=&#8221;4_4&#8243; _builder_version=&#8221;4.16&#8243; custom_padding=&#8221;|||&#8221; global_colors_info=&#8221;{}&#8221; custom_padding__hover=&#8221;|||&#8221;][et_pb_text _builder_version=&#8221;4.19.0&#8243; header_font=&#8221;|800|||||||&#8221; header_text_align=&#8221;left&#8221; header_font_size=&#8221;60px&#8221; width=&#8221;60%&#8221; width_tablet=&#8221;90%&#8221; width_phone=&#8221;90%&#8221; width_last_edited=&#8221;on|phone&#8221; header_font_size_tablet=&#8221;&#8221; header_font_size_phone=&#8221;30px&#8221; header_font_size_last_edited=&#8221;on|phone&#8221; border_width_bottom=&#8221;4px&#8221; border_color_bottom=&#8221;#e02b20&#8243; global_colors_info=&#8221;{}&#8221;]<\/p>\n<div class=\"entry-content clear\" itemprop=\"text\">\n<h1><strong>VRISAK bez glasa<\/strong><\/h1>\n<\/div>\n<p>[\/et_pb_text][et_pb_text _builder_version=&#8221;4.19.0&#8243; text_font=&#8221;||||||||&#8221; text_font_size=&#8221;16px&#8221; text_line_height=&#8221;1.8em&#8221; width=&#8221;60%&#8221; width_tablet=&#8221;90%&#8221; width_phone=&#8221;90%&#8221; width_last_edited=&#8221;on|phone&#8221; global_colors_info=&#8221;{}&#8221;]<\/p>\n<p><strong>NAZIV PROJEKTA:<\/strong><br \/>Projekti usmjereni mladima za financijsku potporu iz raspolo\u017eivih sredstava dijela prihoda od igara na sre\u0107u i Dr\u017eavnog prora\u010duna za 2021. godinu<\/p>\n<p><strong>NAZIV PROGRAMA:<\/strong><br \/>VRISAK bez glasa \u2013 prevencija nasilja nad i me\u0111u mladima<br \/><strong>NOSITELJ PROJEKTA:<\/strong><br \/>Hrvatski Crveni kri\u017e Gradsko dru\u0161tvo Crvenog kri\u017ea Delnice<br \/><strong>PERIOD PROVEDBE PROJEKTA:<\/strong><br \/>od 01.01. do 31.12.2022.<br \/><strong>UPRAVLJA\u010cKO TIJELO (UT):<\/strong><br \/>SREDI\u0160NJI DR\u017dAVNI URED ZA DEMOGRAFIJU I MLADE<\/p>\n<p><strong>FINANCIRANJE:<\/strong><br \/>Bespovratna sredstva 100%,<\/p>\n<p><strong>VRIJEDNOST PROJEKTA:<\/strong> 75.000,00 HRK<br \/><strong>PROJEKTNI PARTNERI:<\/strong> Centar za socijalnu skrb \u2013 Podru\u017enica Delnice<\/p>\n<p><strong>SURADNICI:<\/strong><\/p>\n<ul>\n<li>Osnovna \u0161kola Ivana Gorana Kova\u010di\u0107a, Delnice<\/li>\n<li>Osnovna \u0161kola Ivana Gorana Kova\u010di\u0107a, Vrbovsko<\/li>\n<li>Osnovna \u0161kola dr. Branimira Markovi\u0107a, Ravna Gora<\/li>\n<li>S\u0160 Delnice, Delnice<\/li>\n<li>Gradska knji\u017enica Janet Majnarich, Delnice<\/li>\n<\/ul>\n<p><strong>PROJEKTNO PODRU\u010cJE:<\/strong> P.5. Prevencija nasilja nad i me\u0111u mladima \u2013 2021.<\/p>\n<p><strong>CILJ PROJEKTA:<\/strong> Druga\u010dijim pristupom navedenoj temi nastojit \u0107emo druga\u010dijim, zanimljivijim pristupom pribli\u017eiti problem nasilja nad i me\u0111u mladima. Indirektnim putem, mladi \u0107e ste\u0107i znanja i vje\u0161tine kako prepoznati odre\u0111enu vrstu nasilja i kako postupati u odre\u0111enim nasilni\u010dkim situacijama, kao i sprije\u010diti nasilni\u010dko postupanje me\u0111u sobom.<\/p>\n<ul>\n<li>poticanje mladih za preuzimanje i prakticiranje uloge aktivnog gra\u0111anina u razli\u010ditim dijelovima dru\u0161tvenog \u017eivota i rje\u0161avanju pojedinih dru\u0161tvenih problema,<\/li>\n<li>podizanje razine informiranosti mladih o njihovim pravima i mogu\u0107nostima te o programima i uslugama koje im se nude u lokalnoj zajednici,<\/li>\n<li>smanjenje svih pojavnih oblika nasilja nad i me\u0111u mladima,<\/li>\n<li>o\u010duvanje mentalnog zdravlja i psiholo\u0161ke dobrobiti mladih,<\/li>\n<li>poticanje organizacija civilnog dru\u0161tva na djelovanje u smjeru pobolj\u0161anja uvjeta za zadovoljavanje potreba mladih<\/li>\n<\/ul>\n<p><strong>CILJANE SKUPINE:<\/strong> mladi Gorskog kotara od 14 do 18 godina<\/p>\n<p>[\/et_pb_text][et_pb_button button_text=&#8221;Vrisak bez glasa &#8211; aktivnosti u kojima sudjeluje Srednja \u0161kola Delnice&#8221; _builder_version=&#8221;4.19.4&#8243; _module_preset=&#8221;default&#8221; button_url=&#8221;https:\/\/vrisak-bez-glasa.webnode.hr\/&#8221; url_new_window=&#8221;on&#8221; custom_button=&#8221;on&#8221; button_text_color=&#8221;#FFFFFF&#8221; button_bg_color=&#8221;#cd4f3b&#8221; button_bg_enable_color=&#8221;on&#8221; hover_enabled=&#8221;0&#8243; sticky_enabled=&#8221;0&#8243; button_border_color=&#8221;RGBA(255,255,255,0)&#8221;][\/et_pb_button][\/et_pb_column][\/et_pb_row][\/et_pb_section][et_pb_section fb_built=&#8221;1&#8243; _builder_version=&#8221;4.16&#8243; background_color=&#8221;#222222&#8243; custom_padding=&#8221;6px|||||&#8221; locked=&#8221;off&#8221; global_colors_info=&#8221;{}&#8221;][et_pb_row column_structure=&#8221;1_3,1_3,1_3&#8243; _builder_version=&#8221;4.16&#8243; width=&#8221;90%&#8221; custom_margin=&#8221;-2px|auto||auto||&#8221; locked=&#8221;off&#8221; global_colors_info=&#8221;{}&#8221;][et_pb_column type=&#8221;1_3&#8243; _builder_version=&#8221;4.16&#8243; custom_padding=&#8221;|||&#8221; global_colors_info=&#8221;{}&#8221; custom_padding__hover=&#8221;|||&#8221;][et_pb_text _builder_version=&#8221;4.18.0&#8243; global_colors_info=&#8221;{}&#8221;]<\/p>\n<p><span style=\"color: #cd5c5c;\"><strong><span style=\"color: #cd5c5c;\">GRADSKO DRU\u0160TVO CRVENOG KRI\u017dA DELNICE<\/span><br \/><\/strong><\/span><\/p>\n<p>Ravnatelj\/ica: Snje\u017eana Krizmani\u0107, prof.<br \/>Predsjednik\/ica: <span lang=\"EN-US\">Marina Raukar<\/span><\/p>\n<p>Adresa: \u0160kolska 25<br \/>Grad: Delnice<br \/>Po\u0161tanski broj: 51 300<\/p>\n<p>[\/et_pb_text][\/et_pb_column][et_pb_column type=&#8221;1_3&#8243; _builder_version=&#8221;4.16&#8243; custom_padding=&#8221;|||&#8221; global_colors_info=&#8221;{}&#8221; custom_padding__hover=&#8221;|||&#8221;][et_pb_image src=&#8221;https:\/\/crveni-kriz-delnice.hr\/wp-content\/uploads\/2022\/07\/CK_krug2.png&#8221; align_tablet=&#8221;center&#8221; align_phone=&#8221;center&#8221; align_last_edited=&#8221;on|desktop&#8221; _builder_version=&#8221;4.16&#8243; width=&#8221;50%&#8221; module_alignment=&#8221;center&#8221; custom_padding=&#8221;0px|||||&#8221; global_colors_info=&#8221;{}&#8221;][\/et_pb_image][et_pb_image src=&#8221;https:\/\/crveni-kriz-delnice.hr\/wp-content\/uploads\/2022\/08\/sredis\u030cnji-drz\u030cavni-ured-za-demografiju-mlade-logo.png&#8221; align_tablet=&#8221;center&#8221; align_phone=&#8221;center&#8221; align_last_edited=&#8221;on|desktop&#8221; _builder_version=&#8221;4.16&#8243; global_colors_info=&#8221;{}&#8221;][\/et_pb_image][\/et_pb_column][et_pb_column type=&#8221;1_3&#8243; _builder_version=&#8221;4.16&#8243; custom_padding=&#8221;|||&#8221; global_colors_info=&#8221;{}&#8221; custom_padding__hover=&#8221;|||&#8221;][et_pb_text _builder_version=&#8221;4.16&#8243; global_colors_info=&#8221;{}&#8221;]<\/p>\n<p>Telefon: 051 812 686<br \/> Fax: 051 812 686<\/p>\n<p> E-mail: <a href=\"mailto:hck.delnice@hi.t-com.hr\">hck.delnice@hi.t-com.hr<\/a><\/p>\n<p>Facebook: <a href=\"https:\/\/hr-hr.facebook.com\/ckdelnice\/\">Gradsko dru\u0161tvo Crvenog kri\u017ea Delnice<\/a><\/p>\n<p>[\/et_pb_text][\/et_pb_column][\/et_pb_row][\/et_pb_section]<\/p>\n","protected":false},"excerpt":{"rendered":"<p>VRISAK bez glasa NAZIV PROJEKTA:Projekti usmjereni mladima za financijsku potporu iz raspolo\u017eivih sredstava dijela prihoda od igara na sre\u0107u i Dr\u017eavnog prora\u010duna za 2021. godinu NAZIV PROGRAMA:VRISAK bez glasa \u2013 prevencija nasilja nad i me\u0111u mladimaNOSITELJ PROJEKTA:Hrvatski Crveni kri\u017e Gradsko dru\u0161tvo Crvenog kri\u017ea DelnicePERIOD PROVEDBE PROJEKTA:od 01.01. do 31.12.2022.UPRAVLJA\u010cKO TIJELO (UT):SREDI\u0160NJI DR\u017dAVNI URED ZA DEMOGRAFIJU [&hellip;]<\/p>\n","protected":false},"author":1,"featured_media":0,"parent":0,"menu_order":0,"comment_status":"closed","ping_status":"closed","template":"","meta":{"_et_pb_use_builder":"on","_et_pb_old_content":"","_et_gb_content_width":"","footnotes":""},"class_list":["post-607","page","type-page","status-publish","hentry"],"_links":{"self":[{"href":"https:\/\/crveni-kriz-delnice.hr\/index.php\/wp-json\/wp\/v2\/pages\/607","targetHints":{"allow":["GET"]}}],"collection":[{"href":"https:\/\/crveni-kriz-delnice.hr\/index.php\/wp-json\/wp\/v2\/pages"}],"about":[{"href":"https:\/\/crveni-kriz-delnice.hr\/index.php\/wp-json\/wp\/v2\/types\/page"}],"author":[{"embeddable":true,"href":"https:\/\/crveni-kriz-delnice.hr\/index.php\/wp-json\/wp\/v2\/users\/1"}],"replies":[{"embeddable":true,"href":"https:\/\/crveni-kriz-delnice.hr\/index.php\/wp-json\/wp\/v2\/comments?post=607"}],"version-history":[{"count":4,"href":"https:\/\/crveni-kriz-delnice.hr\/index.php\/wp-json\/wp\/v2\/pages\/607\/revisions"}],"predecessor-version":[{"id":693,"href":"https:\/\/crveni-kriz-delnice.hr\/index.php\/wp-json\/wp\/v2\/pages\/607\/revisions\/693"}],"wp:attachment":[{"href":"https:\/\/crveni-kriz-delnice.hr\/index.php\/wp-json\/wp\/v2\/media?parent=607"}],"curies":[{"name":"wp","href":"https:\/\/api.w.org\/{rel}","templated":true}]}}