{"id":601,"date":"2022-11-08T12:15:09","date_gmt":"2022-11-08T12:15:09","guid":{"rendered":"https:\/\/crveni-kriz-delnice.hr\/?page_id=601"},"modified":"2022-11-08T12:15:09","modified_gmt":"2022-11-08T12:15:09","slug":"mozemo-2","status":"publish","type":"page","link":"https:\/\/crveni-kriz-delnice.hr\/index.php\/mozemo-2\/","title":{"rendered":"Mo\u017eemo!"},"content":{"rendered":"<p>[et_pb_section fb_built=&#8221;1&#8243; _builder_version=&#8221;4.19.0&#8243; background_color=&#8221;#e2e2e4&#8243; background_image=&#8221;https:\/\/crveni-kriz-delnice.hr\/wp-content\/uploads\/2022\/11\/mozemo_backgr.jpg&#8221; background_size=&#8221;initial&#8221; custom_padding=&#8221;24px||2px|||&#8221; hover_enabled=&#8221;0&#8243; global_colors_info=&#8221;{}&#8221; title_text=&#8221;mozemo_backgr&#8221; sticky_enabled=&#8221;0&#8243;][et_pb_row _builder_version=&#8221;4.16&#8243; width=&#8221;90%&#8221; width_tablet=&#8221;90%&#8221; width_phone=&#8221;90%&#8221; width_last_edited=&#8221;on|desktop&#8221; global_colors_info=&#8221;{}&#8221;][et_pb_column type=&#8221;4_4&#8243; _builder_version=&#8221;4.16&#8243; custom_padding=&#8221;|||&#8221; global_colors_info=&#8221;{}&#8221; custom_padding__hover=&#8221;|||&#8221;][et_pb_text _builder_version=&#8221;4.18.0&#8243; header_font=&#8221;|800|||||||&#8221; header_text_align=&#8221;left&#8221; header_font_size=&#8221;60px&#8221; width=&#8221;60%&#8221; width_tablet=&#8221;90%&#8221; width_phone=&#8221;90%&#8221; width_last_edited=&#8221;on|phone&#8221; header_font_size_tablet=&#8221;&#8221; header_font_size_phone=&#8221;30px&#8221; header_font_size_last_edited=&#8221;on|phone&#8221; border_width_bottom=&#8221;4px&#8221; border_color_bottom=&#8221;#e02b20&#8243; global_colors_info=&#8221;{}&#8221;]<\/p>\n<div class=\"entry-content clear\" itemprop=\"text\">\n<h1><strong>PROJEKT<br \/>MO\u017dEMO!<br \/><\/strong><\/h1>\n<\/div>\n<p>[\/et_pb_text][et_pb_text _builder_version=&#8221;4.19.0&#8243; text_font=&#8221;||||||||&#8221; text_font_size=&#8221;16px&#8221; text_line_height=&#8221;1.8em&#8221; width=&#8221;60%&#8221; width_tablet=&#8221;90%&#8221; width_phone=&#8221;90%&#8221; width_last_edited=&#8221;on|phone&#8221; hover_enabled=&#8221;0&#8243; global_colors_info=&#8221;{}&#8221; sticky_enabled=&#8221;0&#8243;]<\/p>\n<p><strong>NAZIV PROJEKTA:<\/strong><br \/>Projekti udruga koje pru\u017eaju usluge savjetovali\u0161ta za \u017ertve nasilja u obitelji i \u017ertve seksualnog nasilja u Republici Hrvatskoj za 2021. godinu mladima za financijsku potporu iz raspolo\u017eivih sredstava dijela prihoda od igara na sre\u0107u i Dr\u017eavnog prora\u010duna za 2021. godinu<\/p>\n<p><strong>NAZIV PROGRAMA:<\/strong><br \/>Mo\u017eemo li u\u010diniti ne\u0161to za \u017ertve nasilja u obitelji &#8211; Mo\u017eemo!<br \/><strong>NOSITELJ PROJEKTA:<\/strong><br \/>Hrvatski Crveni kri\u017e Gradsko dru\u0161tvo Crvenog kri\u017ea Delnice \u2013 Savjetovali\u0161te Izvor<br \/><strong>PERIOD PROVEDBE PROJEKTA:<\/strong><br \/>od 01.01. do 31.12.2022.<br \/><strong>UPRAVLJA\u010cKO TIJELO (UT):<\/strong><br \/>Ministarstvo rada, mirovinskoga sustava, obitelji i socijalne politike<\/p>\n<p><strong>FINANCIRANJE:<\/strong><br \/>Bespovratna sredstva 100%,<\/p>\n<p><strong>VRIJEDNOST PROJEKTA:<\/strong> 150.000,00 HRK<br \/><strong>PROJEKTNI PARTNERI:<\/strong> SOS RIJEKA &#8211; centar za nenasilje i ljudska prava, Gradsko dru\u0161tvo Crvenog kri\u017ea Vrbovec,\u00a0Grad Delnice<\/p>\n<p><strong>SURADNICI:<\/strong> Centar za socijalnu skrb \u2013 Podru\u017enica Delnice<br \/><strong>PROJEKTNO PODRU\u010cJE:<\/strong> Usluga savjetovali\u0161ta za \u017ertve nasilja u obitelji<\/p>\n<p><strong>CILJ PROJEKTA:<\/strong> Savjetovanje i pru\u017eanje pomo\u0107i \u017ertvama nasilja u obitelji, podizanje znanja i svijesti o pravima \u017ertava nasilja u obitelji, izobrazba zaposlenih u savjetovali\u0161tu o pravima i potrebama \u017ertava nasilja i njihove djece, unapre\u0111enja za\u0161tite \u017ertava, odnosno podru\u010dja kojima je u fokusu interesa krajnji korisnik.<\/p>\n<p>Usluga savjetovali\u0161ta za \u017ertve nasilja u obitelji &#8211; Psihosocijalna pomo\u0107 za \u017ertve nasilja u obitelji.<\/p>\n<p><strong>CILJANE SKUPINE:<\/strong> \u017drtve obiteljskog nasilja<\/p>\n<p>[\/et_pb_text][\/et_pb_column][\/et_pb_row][\/et_pb_section][et_pb_section fb_built=&#8221;1&#8243; _builder_version=&#8221;4.16&#8243; background_color=&#8221;#222222&#8243; custom_padding=&#8221;6px|||||&#8221; locked=&#8221;off&#8221; global_colors_info=&#8221;{}&#8221;][et_pb_row column_structure=&#8221;1_3,1_3,1_3&#8243; _builder_version=&#8221;4.16&#8243; width=&#8221;90%&#8221; custom_margin=&#8221;-2px|auto||auto||&#8221; locked=&#8221;off&#8221; global_colors_info=&#8221;{}&#8221;][et_pb_column type=&#8221;1_3&#8243; _builder_version=&#8221;4.16&#8243; custom_padding=&#8221;|||&#8221; global_colors_info=&#8221;{}&#8221; custom_padding__hover=&#8221;|||&#8221;][et_pb_text _builder_version=&#8221;4.18.0&#8243; global_colors_info=&#8221;{}&#8221;]<\/p>\n<p><span style=\"color: #cd5c5c;\"><strong><span style=\"color: #cd5c5c;\">GRADSKO DRU\u0160TVO CRVENOG KRI\u017dA DELNICE<\/span><br \/><\/strong><\/span><\/p>\n<p>Ravnatelj\/ica: Snje\u017eana Krizmani\u0107, prof.<br \/>Predsjednik\/ica: <span lang=\"EN-US\">Marina Raukar<\/span><\/p>\n<p>Adresa: \u0160kolska 25<br \/>Grad: Delnice<br \/>Po\u0161tanski broj: 51 300<\/p>\n<p>[\/et_pb_text][\/et_pb_column][et_pb_column type=&#8221;1_3&#8243; _builder_version=&#8221;4.16&#8243; custom_padding=&#8221;|||&#8221; global_colors_info=&#8221;{}&#8221; custom_padding__hover=&#8221;|||&#8221;][et_pb_image src=&#8221;https:\/\/crveni-kriz-delnice.hr\/wp-content\/uploads\/2022\/07\/CK_krug2.png&#8221; align_tablet=&#8221;center&#8221; align_phone=&#8221;center&#8221; align_last_edited=&#8221;on|desktop&#8221; _builder_version=&#8221;4.16&#8243; width=&#8221;50%&#8221; module_alignment=&#8221;center&#8221; custom_padding=&#8221;0px|||||&#8221; global_colors_info=&#8221;{}&#8221;][\/et_pb_image][et_pb_image src=&#8221;https:\/\/crveni-kriz-delnice.hr\/wp-content\/uploads\/2022\/08\/sredis\u030cnji-drz\u030cavni-ured-za-demografiju-mlade-logo.png&#8221; align_tablet=&#8221;center&#8221; align_phone=&#8221;center&#8221; align_last_edited=&#8221;on|desktop&#8221; _builder_version=&#8221;4.16&#8243; global_colors_info=&#8221;{}&#8221;][\/et_pb_image][\/et_pb_column][et_pb_column type=&#8221;1_3&#8243; _builder_version=&#8221;4.16&#8243; custom_padding=&#8221;|||&#8221; global_colors_info=&#8221;{}&#8221; custom_padding__hover=&#8221;|||&#8221;][et_pb_text _builder_version=&#8221;4.16&#8243; global_colors_info=&#8221;{}&#8221;]<\/p>\n<p>Telefon: 051 812 686<br \/> Fax: 051 812 686<\/p>\n<p> E-mail: <a href=\"mailto:hck.delnice@hi.t-com.hr\">hck.delnice@hi.t-com.hr<\/a><\/p>\n<p>Facebook: <a href=\"https:\/\/hr-hr.facebook.com\/ckdelnice\/\">Gradsko dru\u0161tvo Crvenog kri\u017ea Delnice<\/a><\/p>\n<p>[\/et_pb_text][\/et_pb_column][\/et_pb_row][\/et_pb_section]<\/p>\n","protected":false},"excerpt":{"rendered":"<p>PROJEKTMO\u017dEMO! NAZIV PROJEKTA:Projekti udruga koje pru\u017eaju usluge savjetovali\u0161ta za \u017ertve nasilja u obitelji i \u017ertve seksualnog nasilja u Republici Hrvatskoj za 2021. godinu mladima za financijsku potporu iz raspolo\u017eivih sredstava dijela prihoda od igara na sre\u0107u i Dr\u017eavnog prora\u010duna za 2021. godinu NAZIV PROGRAMA:Mo\u017eemo li u\u010diniti ne\u0161to za \u017ertve nasilja u obitelji &#8211; Mo\u017eemo!NOSITELJ PROJEKTA:Hrvatski [&hellip;]<\/p>\n","protected":false},"author":1,"featured_media":0,"parent":0,"menu_order":0,"comment_status":"closed","ping_status":"closed","template":"","meta":{"_et_pb_use_builder":"on","_et_pb_old_content":"","_et_gb_content_width":"","footnotes":""},"class_list":["post-601","page","type-page","status-publish","hentry"],"_links":{"self":[{"href":"https:\/\/crveni-kriz-delnice.hr\/index.php\/wp-json\/wp\/v2\/pages\/601","targetHints":{"allow":["GET"]}}],"collection":[{"href":"https:\/\/crveni-kriz-delnice.hr\/index.php\/wp-json\/wp\/v2\/pages"}],"about":[{"href":"https:\/\/crveni-kriz-delnice.hr\/index.php\/wp-json\/wp\/v2\/types\/page"}],"author":[{"embeddable":true,"href":"https:\/\/crveni-kriz-delnice.hr\/index.php\/wp-json\/wp\/v2\/users\/1"}],"replies":[{"embeddable":true,"href":"https:\/\/crveni-kriz-delnice.hr\/index.php\/wp-json\/wp\/v2\/comments?post=601"}],"version-history":[{"count":2,"href":"https:\/\/crveni-kriz-delnice.hr\/index.php\/wp-json\/wp\/v2\/pages\/601\/revisions"}],"predecessor-version":[{"id":605,"href":"https:\/\/crveni-kriz-delnice.hr\/index.php\/wp-json\/wp\/v2\/pages\/601\/revisions\/605"}],"wp:attachment":[{"href":"https:\/\/crveni-kriz-delnice.hr\/index.php\/wp-json\/wp\/v2\/media?parent=601"}],"curies":[{"name":"wp","href":"https:\/\/api.w.org\/{rel}","templated":true}]}}