{"id":504,"date":"2022-10-03T07:53:08","date_gmt":"2022-10-03T07:53:08","guid":{"rendered":"https:\/\/crveni-kriz-delnice.hr\/?page_id=504"},"modified":"2022-10-03T11:23:11","modified_gmt":"2022-10-03T11:23:11","slug":"projekt-zazeli","status":"publish","type":"page","link":"https:\/\/crveni-kriz-delnice.hr\/index.php\/projekt-zazeli\/","title":{"rendered":"Projekt Za\u017eeli"},"content":{"rendered":"<p>[et_pb_section fb_built=&#8221;1&#8243; _builder_version=&#8221;4.18.0&#8243; background_color=&#8221;#e2e2e4&#8243; background_image=&#8221;https:\/\/crveni-kriz-delnice.hr\/wp-content\/uploads\/2022\/10\/zazeli_backgr.jpg&#8221; background_size=&#8221;initial&#8221; custom_padding=&#8221;24px||2px|||&#8221; global_colors_info=&#8221;{}&#8221;][et_pb_row _builder_version=&#8221;4.16&#8243; width=&#8221;90%&#8221; width_tablet=&#8221;90%&#8221; width_phone=&#8221;90%&#8221; width_last_edited=&#8221;on|desktop&#8221; global_colors_info=&#8221;{}&#8221;][et_pb_column type=&#8221;4_4&#8243; _builder_version=&#8221;4.16&#8243; custom_padding=&#8221;|||&#8221; global_colors_info=&#8221;{}&#8221; custom_padding__hover=&#8221;|||&#8221;][et_pb_text _builder_version=&#8221;4.18.0&#8243; header_font=&#8221;|800|||||||&#8221; header_text_align=&#8221;left&#8221; header_font_size=&#8221;60px&#8221; width=&#8221;60%&#8221; width_tablet=&#8221;90%&#8221; width_phone=&#8221;90%&#8221; width_last_edited=&#8221;on|phone&#8221; header_font_size_tablet=&#8221;&#8221; header_font_size_phone=&#8221;30px&#8221; header_font_size_last_edited=&#8221;on|phone&#8221; border_width_bottom=&#8221;4px&#8221; border_color_bottom=&#8221;#e02b20&#8243; global_colors_info=&#8221;{}&#8221;]<\/p>\n<div class=\"entry-content clear\" itemprop=\"text\">\n<h1><strong>PROJEKT<br \/>ZA\u017dELI!<br \/><\/strong><\/h1>\n<\/div>\n<p>[\/et_pb_text][et_pb_text _builder_version=&#8221;4.18.0&#8243; text_font=&#8221;||||||||&#8221; text_font_size=&#8221;16px&#8221; text_line_height=&#8221;1.8em&#8221; width=&#8221;60%&#8221; width_tablet=&#8221;90%&#8221; width_phone=&#8221;90%&#8221; width_last_edited=&#8221;on|phone&#8221; global_colors_info=&#8221;{}&#8221;]<\/p>\n<p><strong>NAZIV PROJEKTA:<\/strong> <br \/>\u201ePru\u017eimo ruke-Za\u017eeli-program zapo\u0161ljavanja \u017eena-faza III\u201c<br \/>Kodni broj: UP.02.1.1.16.0115<\/p>\n<p><strong>NAZIV PROGRAMA:<\/strong> <br \/>Za\u017eeli \u2013 program zapo\u0161ljavanja \u017eena \u2013 faza III<br \/><strong>NOSITELJ PROJEKTA:<\/strong> <br \/>Hrvatski Crveni kri\u017e Gradsko dru\u0161tvo Crvenog kri\u017ea Delnice<br \/><strong>PERIOD PROVEDBE PROJEKTA:<\/strong> <br \/>14.09.2022.-14.05.2023.<br \/><strong>UPRAVLJA\u010cKO TIJELO (UT):<\/strong> <br \/>MINISTARSTVO RADA, MIROVINSKOG SUSTAVA, OBITELJI I SOCIJALNE POLITIKE<br \/><strong>POSREDNI\u010cKO TIJELO RAZINE 2 (PT2):<\/strong> <br \/>HRVATSKI ZAVOD ZA ZAPO\u0160LJAVANJE, URED ZA FINANCIRANJE I UGOVARANJE PROJEKATA EUROPSKE UNIJE<br \/><strong>FINANCIRANJE:<\/strong> <br \/>Bespovratna sredstva 100%, PROJEKT FINANCIRAN 85% IZ EUROPSKOG SOCIJALNOG FONDA (ESF) \u2013 OPERATIVNI PROGRAM U\u010cINKOVITI LJUDSKI POTENCIJALI 2014.-2020., TE SA 15% SREDSTAVA IZ DR\u017dAVNOG PRORA\u010cUNA<\/p>\n<p><strong>VRIJEDNOST PROJEKTA:<\/strong> 494.353,00 HRK<br \/><strong>PROJEKTNI PARTNERI:<\/strong> Hrvatski zavod za zapo\u0161ljavanje Podru\u010dni ured Delnice, Centar za socijalnu skrb Delnice, Grad Delnice i Op\u0107ina Mrkopalj<br \/><strong>PROJEKTNO PODRU\u010cJE:<\/strong> Grad Delnice i op\u0107ina Mrkopalj<\/p>\n<p><strong>CILJ PROJEKTA:<\/strong> Zapo\u0161ljavanje 10 \u017eena pripadnica ranjivih skupina i pove\u0107anje razine kvalitete \u017eivota najmanje 60 starijih i nemo\u0107nih osoba na projektnom podru\u010dju te poticanje socijalne uklju\u010denosti \u017eena pripadnica ranjivih skupina kroz pove\u0107anje njihove zapo\u0161ljivosti stjecanjem radnog iskustva i pove\u0107anjem kompetencija. Projekt doprinosi rje\u0161avanju problema dugotrajne nezaposlenosti \u017eena pripadnica ranjivih skupina u Primorsko &#8211; goranskoj \u017eupaniji na podru\u010dju Grada Delnica i Op\u0107ine Mrkopalj.<\/p>\n<p><a href=\"http:\/\/www.strukturnifondovi.hr\">www.strukturnifondovi.hr<\/a><br \/><a href=\"http:\/\/www.esf.hr\">www.esf.hr<\/a><\/p>\n<p>[\/et_pb_text][\/et_pb_column][\/et_pb_row][\/et_pb_section][et_pb_section fb_built=&#8221;1&#8243; _builder_version=&#8221;4.18.0&#8243; _module_preset=&#8221;default&#8221; background_color=&#8221;#e2e2e4&#8243; custom_padding=&#8221;2px||0px|||&#8221; global_colors_info=&#8221;{}&#8221;][et_pb_row column_structure=&#8221;1_4,1_4,1_4,1_4&#8243; _builder_version=&#8221;4.18.0&#8243; _module_preset=&#8221;default&#8221; custom_padding=&#8221;24px|||||&#8221; global_colors_info=&#8221;{}&#8221;][et_pb_column type=&#8221;1_4&#8243; _builder_version=&#8221;4.18.0&#8243; _module_preset=&#8221;default&#8221; global_colors_info=&#8221;{}&#8221;][et_pb_image src=&#8221;https:\/\/crveni-kriz-delnice.hr\/wp-content\/uploads\/2022\/10\/hzz-appicon300px.png&#8221; title_text=&#8221;hzz-appicon300px&#8221; _builder_version=&#8221;4.18.0&#8243; _module_preset=&#8221;default&#8221; height=&#8221;180px&#8221; global_colors_info=&#8221;{}&#8221;][\/et_pb_image][et_pb_text _builder_version=&#8221;4.18.0&#8243; _module_preset=&#8221;default&#8221; hover_enabled=&#8221;0&#8243; global_colors_info=&#8221;{}&#8221; sticky_enabled=&#8221;0&#8243;]<\/p>\n<p><strong>Hrvatski zavod za zapo\u0161ljavanje Podru\u010dni ured Delnice<\/strong><\/p>\n<p>Sudjelovanje u identifikaciji \u017eena iz ciljne skupine<\/p>\n<p>Suradnja s ostalim partnerima na Projektu<\/p>\n<p>[\/et_pb_text][\/et_pb_column][et_pb_column type=&#8221;1_4&#8243; _builder_version=&#8221;4.18.0&#8243; _module_preset=&#8221;default&#8221; global_colors_info=&#8221;{}&#8221;][et_pb_image src=&#8221;https:\/\/crveni-kriz-delnice.hr\/wp-content\/uploads\/2022\/10\/604px-Coat_of_arms_of_Croatia.svg_.png&#8221; title_text=&#8221;604px-Coat_of_arms_of_Croatia.svg&#8221; align=&#8221;center&#8221; _builder_version=&#8221;4.18.0&#8243; _module_preset=&#8221;default&#8221; module_alignment=&#8221;center&#8221; height=&#8221;180px&#8221; global_colors_info=&#8221;{}&#8221;][\/et_pb_image][et_pb_text _builder_version=&#8221;4.18.0&#8243; _module_preset=&#8221;default&#8221; hover_enabled=&#8221;0&#8243; global_colors_info=&#8221;{}&#8221; sticky_enabled=&#8221;0&#8243;]<\/p>\n<p><strong>Centar za socijalnu skrb Delnice<\/strong><\/p>\n<p>Identifikacija korisnika usluge potpore i podr\u0161ke starijim osobama i osobama u nepovoljnom polo\u017eaju<\/p>\n<p>Sudjelovanje u definiranju kriterija za odabir korisnika usluge<\/p>\n<p>Suradnja s ostalim partnerima na Projektu<\/p>\n<p>[\/et_pb_text][\/et_pb_column][et_pb_column type=&#8221;1_4&#8243; _builder_version=&#8221;4.18.0&#8243; _module_preset=&#8221;default&#8221; global_colors_info=&#8221;{}&#8221;][et_pb_image src=&#8221;https:\/\/crveni-kriz-delnice.hr\/wp-content\/uploads\/2022\/10\/grb_delnice.png&#8221; title_text=&#8221;grb_delnice&#8221; align=&#8221;center&#8221; _builder_version=&#8221;4.18.0&#8243; _module_preset=&#8221;default&#8221; height=&#8221;180px&#8221; global_colors_info=&#8221;{}&#8221;][\/et_pb_image][et_pb_text _builder_version=&#8221;4.18.0&#8243; _module_preset=&#8221;default&#8221; hover_enabled=&#8221;0&#8243; global_colors_info=&#8221;{}&#8221; sticky_enabled=&#8221;0&#8243;]<\/p>\n<p><strong>Grad Delnice<\/strong><\/p>\n<p>Suradnja pri identifikaciji ciljne skupine i korisnika pomo\u0107i u ku\u0107i putem svojih slu\u017ebi, mjesnih odbora i gradskih \u010detvrti<\/p>\n<p>Priprema i provedba postupaka javne nabave<\/p>\n<p>Provo\u0111enje elemenata vidljivosti i promocije Projekta<\/p>\n<p>Suradnja s ostalim partnerima na Projektu<\/p>\n<p>[\/et_pb_text][\/et_pb_column][et_pb_column type=&#8221;1_4&#8243; _builder_version=&#8221;4.18.0&#8243; _module_preset=&#8221;default&#8221; global_colors_info=&#8221;{}&#8221;][et_pb_image src=&#8221;https:\/\/crveni-kriz-delnice.hr\/wp-content\/uploads\/2022\/10\/opcina-mrkopalj-GRB-01.png&#8221; title_text=&#8221;op\u0107ina mrkopalj GRB-01&#8243; _builder_version=&#8221;4.18.0&#8243; _module_preset=&#8221;default&#8221; height=&#8221;180px&#8221; global_colors_info=&#8221;{}&#8221;][\/et_pb_image][et_pb_text _builder_version=&#8221;4.18.0&#8243; _module_preset=&#8221;default&#8221; hover_enabled=&#8221;0&#8243; global_colors_info=&#8221;{}&#8221; sticky_enabled=&#8221;0&#8243;]<\/p>\n<p><strong>Op\u0107ina Mrkopalj<\/strong><\/p>\n<p>Pomo\u0107 u identifikaciji ciljanih skupina i krajnjih korisnika na podru\u010dju Op\u0107ine Mrkopalj<\/p>\n<p>[\/et_pb_text][\/et_pb_column][\/et_pb_row][\/et_pb_section][et_pb_section fb_built=&#8221;1&#8243; _builder_version=&#8221;4.16&#8243; background_color=&#8221;#222222&#8243; custom_padding=&#8221;6px|||||&#8221; locked=&#8221;off&#8221; global_colors_info=&#8221;{}&#8221;][et_pb_row column_structure=&#8221;1_3,1_3,1_3&#8243; _builder_version=&#8221;4.16&#8243; width=&#8221;90%&#8221; custom_margin=&#8221;-2px|auto||auto||&#8221; locked=&#8221;off&#8221; global_colors_info=&#8221;{}&#8221;][et_pb_column type=&#8221;1_3&#8243; _builder_version=&#8221;4.16&#8243; custom_padding=&#8221;|||&#8221; global_colors_info=&#8221;{}&#8221; custom_padding__hover=&#8221;|||&#8221;][et_pb_text _builder_version=&#8221;4.18.0&#8243; hover_enabled=&#8221;0&#8243; global_colors_info=&#8221;{}&#8221; sticky_enabled=&#8221;0&#8243;]<\/p>\n<p><span style=\"color: #cd5c5c;\"><strong><span style=\"color: #cd5c5c;\">GRADSKO DRU\u0160TVO CRVENOG KRI\u017dA DELNICE<\/span><br \/><\/strong><\/span><\/p>\n<p>Ravnatelj\/ica: Snje\u017eana Krizmani\u0107, prof.<br \/>Predsjednik\/ica: <span lang=\"EN-US\">Marina Raukar<\/span><\/p>\n<p>Adresa: \u0160kolska 25<br \/>Grad: Delnice<br \/>Po\u0161tanski broj: 51 300<\/p>\n<p>[\/et_pb_text][\/et_pb_column][et_pb_column type=&#8221;1_3&#8243; _builder_version=&#8221;4.16&#8243; custom_padding=&#8221;|||&#8221; global_colors_info=&#8221;{}&#8221; custom_padding__hover=&#8221;|||&#8221;][et_pb_image src=&#8221;https:\/\/crveni-kriz-delnice.hr\/wp-content\/uploads\/2022\/07\/CK_krug2.png&#8221; align_tablet=&#8221;center&#8221; align_phone=&#8221;center&#8221; align_last_edited=&#8221;on|desktop&#8221; _builder_version=&#8221;4.16&#8243; width=&#8221;50%&#8221; module_alignment=&#8221;center&#8221; custom_padding=&#8221;0px|||||&#8221; global_colors_info=&#8221;{}&#8221;][\/et_pb_image][et_pb_image src=&#8221;https:\/\/crveni-kriz-delnice.hr\/wp-content\/uploads\/2022\/08\/sredis\u030cnji-drz\u030cavni-ured-za-demografiju-mlade-logo.png&#8221; align_tablet=&#8221;center&#8221; align_phone=&#8221;center&#8221; align_last_edited=&#8221;on|desktop&#8221; _builder_version=&#8221;4.16&#8243; global_colors_info=&#8221;{}&#8221;][\/et_pb_image][\/et_pb_column][et_pb_column type=&#8221;1_3&#8243; _builder_version=&#8221;4.16&#8243; custom_padding=&#8221;|||&#8221; global_colors_info=&#8221;{}&#8221; custom_padding__hover=&#8221;|||&#8221;][et_pb_text _builder_version=&#8221;4.16&#8243; hover_enabled=&#8221;0&#8243; global_colors_info=&#8221;{}&#8221; sticky_enabled=&#8221;0&#8243;]<\/p>\n<p>Telefon: 051 812 686<br \/> Fax: 051 812 686<\/p>\n<p> E-mail: <a href=\"mailto:hck.delnice@hi.t-com.hr\">hck.delnice@hi.t-com.hr<\/a><\/p>\n<p>Facebook: <a href=\"https:\/\/hr-hr.facebook.com\/ckdelnice\/\">Gradsko dru\u0161tvo Crvenog kri\u017ea Delnice<\/a><\/p>\n<p>[\/et_pb_text][\/et_pb_column][\/et_pb_row][\/et_pb_section]<\/p>\n","protected":false},"excerpt":{"rendered":"<p>PROJEKTZA\u017dELI! NAZIV PROJEKTA: \u201ePru\u017eimo ruke-Za\u017eeli-program zapo\u0161ljavanja \u017eena-faza III\u201cKodni broj: UP.02.1.1.16.0115 NAZIV PROGRAMA: Za\u017eeli \u2013 program zapo\u0161ljavanja \u017eena \u2013 faza IIINOSITELJ PROJEKTA: Hrvatski Crveni kri\u017e Gradsko dru\u0161tvo Crvenog kri\u017ea DelnicePERIOD PROVEDBE PROJEKTA: 14.09.2022.-14.05.2023.UPRAVLJA\u010cKO TIJELO (UT): MINISTARSTVO RADA, MIROVINSKOG SUSTAVA, OBITELJI I SOCIJALNE POLITIKEPOSREDNI\u010cKO TIJELO RAZINE 2 (PT2): HRVATSKI ZAVOD ZA ZAPO\u0160LJAVANJE, URED ZA FINANCIRANJE I UGOVARANJE [&hellip;]<\/p>\n","protected":false},"author":1,"featured_media":0,"parent":0,"menu_order":0,"comment_status":"closed","ping_status":"closed","template":"","meta":{"_et_pb_use_builder":"on","_et_pb_old_content":"<!-- wp:divi\/placeholder \/-->","_et_gb_content_width":"","footnotes":""},"class_list":["post-504","page","type-page","status-publish","hentry"],"_links":{"self":[{"href":"https:\/\/crveni-kriz-delnice.hr\/index.php\/wp-json\/wp\/v2\/pages\/504","targetHints":{"allow":["GET"]}}],"collection":[{"href":"https:\/\/crveni-kriz-delnice.hr\/index.php\/wp-json\/wp\/v2\/pages"}],"about":[{"href":"https:\/\/crveni-kriz-delnice.hr\/index.php\/wp-json\/wp\/v2\/types\/page"}],"author":[{"embeddable":true,"href":"https:\/\/crveni-kriz-delnice.hr\/index.php\/wp-json\/wp\/v2\/users\/1"}],"replies":[{"embeddable":true,"href":"https:\/\/crveni-kriz-delnice.hr\/index.php\/wp-json\/wp\/v2\/comments?post=504"}],"version-history":[{"count":9,"href":"https:\/\/crveni-kriz-delnice.hr\/index.php\/wp-json\/wp\/v2\/pages\/504\/revisions"}],"predecessor-version":[{"id":524,"href":"https:\/\/crveni-kriz-delnice.hr\/index.php\/wp-json\/wp\/v2\/pages\/504\/revisions\/524"}],"wp:attachment":[{"href":"https:\/\/crveni-kriz-delnice.hr\/index.php\/wp-json\/wp\/v2\/media?parent=504"}],"curies":[{"name":"wp","href":"https:\/\/api.w.org\/{rel}","templated":true}]}}