{"id":23,"date":"2022-07-15T09:30:50","date_gmt":"2022-07-15T09:30:50","guid":{"rendered":"https:\/\/crveni-kriz-delnice.hr\/?page_id=23"},"modified":"2022-08-29T13:11:41","modified_gmt":"2022-08-29T13:11:41","slug":"dobrovoljno-darivanje-krvi","status":"publish","type":"page","link":"https:\/\/crveni-kriz-delnice.hr\/index.php\/dobrovoljno-darivanje-krvi\/","title":{"rendered":"Dobrovoljno darivanje krvi"},"content":{"rendered":"<p>[et_pb_section fb_built=&#8221;1&#8243; fullwidth=&#8221;on&#8221; next_background_color=&#8221;#f0eef1&#8243; _builder_version=&#8221;3.22.7&#8243; border_width_top=&#8221;5px&#8221; border_color_top=&#8221;#e02b20&#8243; min_height=&#8221;700px&#8221; min_height_tablet=&#8221;600px&#8221; min_height_last_edited=&#8221;on|phone&#8221; height_last_edited=&#8221;on|desktop&#8221; bottom_divider_style=&#8221;mountains2&#8243;][et_pb_fullwidth_slider _builder_version=&#8221;3.22.7&#8243; header_font=&#8221;||||||||&#8221; body_font=&#8221;||||||||&#8221; custom_button=&#8221;on&#8221; button_text_color=&#8221;#ffffff&#8221; button_bg_color=&#8221;#e02b20&#8243; button_border_width=&#8221;0px&#8221; button_border_color=&#8221;rgba(0,0,0,0)&#8221; button_font=&#8221;||||||||&#8221; min_height=&#8221;750px&#8221; min_height_last_edited=&#8221;on|phone&#8221; custom_margin=&#8221;0px|||||&#8221; custom_padding=&#8221;4px||102px|||&#8221;][et_pb_slide heading=&#8221;Tko je dobrovoljni davatelj krvi?&#8221; use_bg_overlay=&#8221;on&#8221; _builder_version=&#8221;3.22.7&#8243; header_font=&#8221;|800||on|||||&#8221; header_text_align=&#8221;left&#8221; header_text_color=&#8221;#ffffff&#8221; header_font_size=&#8221;60px&#8221; header_font_size_phone=&#8221;30px&#8221; header_font_size_last_edited=&#8221;on|phone&#8221; body_font=&#8221;||||||||&#8221; body_font_size=&#8221;24px&#8221; body_font_size_phone=&#8221;18px&#8221; body_font_size_last_edited=&#8221;on|desktop&#8221; body_letter_spacing=&#8221;0px&#8221; body_line_height=&#8221;1.7em&#8221; background_color=&#8221;rgba(224,43,32,0)&#8221; background_image=&#8221;https:\/\/crveni-kriz-delnice.hr\/wp-content\/uploads\/2022\/07\/637A9894.jpg&#8221; text_orientation=&#8221;center&#8221;]<\/p>\n<p style=\"text-align: left;\">Dobrovoljni davatelj krvi je osoba koja daje krv, plazmu ili druge sastojke krvi dragovoljno i za to nije pla\u0107ena niti u nov\u010danom niti u nekom drugom obliku koji bi mogao biti zamjena za novac.<\/p>\n<p>[\/et_pb_slide][et_pb_slide heading=&#8221;Kako se postaje dobrovoljni davatelj krvi?&#8221; use_bg_overlay=&#8221;on&#8221; _builder_version=&#8221;3.22.7&#8243; header_font=&#8221;|800||on|||||&#8221; header_text_align=&#8221;left&#8221; header_font_size=&#8221;60px&#8221; header_font_size_phone=&#8221;30px&#8221; header_font_size_last_edited=&#8221;on|phone&#8221; body_font=&#8221;||||||||&#8221; body_font_size=&#8221;24px&#8221; body_font_size_phone=&#8221;18px&#8221; body_font_size_last_edited=&#8221;on|phone&#8221; body_letter_spacing=&#8221;0px&#8221; body_line_height=&#8221;1.7em&#8221; background_color=&#8221;rgba(224,43,32,0)&#8221; background_image=&#8221;https:\/\/crveni-kriz-delnice.hr\/wp-content\/uploads\/2022\/07\/637A9885.jpg&#8221; text_orientation=&#8221;center&#8221;]<\/p>\n<p style=\"text-align: left;\">Jednostavno \u2013 najprije morate donijeti odluku da \u017eelite davati krv i tako spa\u0161avati \u017eivote te pridonijeti lije\u010denju ozlije\u0111enih ili bolesnih ljudi.<\/p>\n<p style=\"text-align: left;\">Javite se u svoje dru\u0161tvo Crvenog kri\u017ea. Davanje krvi je povlastica zdravih ljudi jer samo zdrava osoba mo\u017ee biti davatelj krvi.<\/p>\n<p>[\/et_pb_slide][et_pb_slide heading=&#8221;Koliko \u010desto i tko mo\u017ee dati krv?&#8221; use_bg_overlay=&#8221;on&#8221; _builder_version=&#8221;3.22.7&#8243; header_font=&#8221;|800||on|||||&#8221; header_text_align=&#8221;left&#8221; header_font_size=&#8221;60px&#8221; header_font_size_phone=&#8221;35px&#8221; header_font_size_last_edited=&#8221;on|phone&#8221; body_font=&#8221;||||||||&#8221; body_font_size=&#8221;24px&#8221; body_font_size_phone=&#8221;18px&#8221; body_font_size_last_edited=&#8221;on|phone&#8221; body_letter_spacing=&#8221;0px&#8221; body_line_height=&#8221;1.7em&#8221; background_color=&#8221;rgba(224,43,32,0)&#8221; background_image=&#8221;https:\/\/crveni-kriz-delnice.hr\/wp-content\/uploads\/2022\/07\/637A9852.jpg&#8221; text_orientation=&#8221;center&#8221;]<\/p>\n<p style=\"text-align: left;\">Krv mogu dati zdrave osobe od 18 do 65 godina starosti. Mu\u0161karci mogu dati krv svaka 3 mjeseca, a \u017eene svaka 4 mjeseca.<\/p>\n<p>[\/et_pb_slide][\/et_pb_fullwidth_slider][\/et_pb_section][et_pb_section fb_built=&#8221;1&#8243; _builder_version=&#8221;3.22.7&#8243; background_color=&#8221;#f0eef1&#8243;][et_pb_row _builder_version=&#8221;3.22.7&#8243; width=&#8221;90%&#8221; max_width=&#8221;1280px&#8221;][et_pb_column type=&#8221;4_4&#8243; _builder_version=&#8221;3.22.7&#8243;][et_pb_text _builder_version=&#8221;3.22.7&#8243; header_font=&#8221;|800||on|||||&#8221; header_text_color=&#8221;#222222&#8243; header_font_size=&#8221;40px&#8221; header_font_size_phone=&#8221;30px&#8221; header_font_size_last_edited=&#8221;on|phone&#8221; header_3_font=&#8221;||||||||&#8221; header_3_text_color=&#8221;#222222&#8243; border_width_bottom=&#8221;5px&#8221; border_color_bottom=&#8221;#e02b20&#8243; width=&#8221;30%&#8221; width_tablet=&#8221;90%&#8221; width_phone=&#8221;90%&#8221; width_last_edited=&#8221;on|tablet&#8221; module_alignment=&#8221;left&#8221;]<\/p>\n<h1>Dobrovoljno davanje krvi kao aktivnost GDCK Delnice<\/h1>\n<p>[\/et_pb_text][\/et_pb_column][\/et_pb_row][et_pb_row custom_padding=&#8221;0px|||||&#8221; _builder_version=&#8221;3.22.7&#8243; width=&#8221;90%&#8221; max_width=&#8221;1280px&#8221;][et_pb_column type=&#8221;3_5&#8243; _builder_version=&#8221;3.22.7&#8243;][et_pb_text _builder_version=&#8221;3.22.7&#8243; custom_margin=&#8221;||7px|||&#8221;]<\/p>\n<p>\u00a0GDCK Delnice od 1953. godine kontinuirano organizira akcije dobrovoljnog davanja krvi.<\/p>\n<p>GDCK Delnice vodi bazu podataka dobrovoljnih davatelja i broja davanja te izdaje potrebne potvrde, organizira proslave Dana dobrovoljnih davatelja krvi i dodjelu priznanja i zahvalnica te radi na promid\u017ebi dobrovoljnog darivanja krvi.<\/p>\n<p>Na podru\u010dju GDCK Delnice tijekom godine organiziraju se tri akcije u razmacima od \u010detiri mjeseca u sljede\u0107im mjestima:<\/p>\n<ul>\n<li>Delnicama,<\/li>\n<li>Ravnoj Gori,<\/li>\n<li>Brod Moravicama.<\/li>\n<\/ul>\n<p>Godi\u0161nje se odr\u017eava sve\u010dana podjela priznanja jubilarnim davateljima krvi. Povodom dana dobrovoljnih davatelja krvi u Republici Hrvatskoj, 25. listopada tradicionalno se organizira prijem davatelja krvi iz Delnica kod Gradona\u010delnika.<\/p>\n<p>U suradnji sa Srednjom \u0161kolom \u2013 Delnice i Dru\u0161tvom Crvenog kri\u017ea Primorsko \u2013 goranske \u017eupanije organizira se predavanje za u\u010denike zavr\u0161nih razreda srednje \u0161kole (maturantima). Teme predavanja su \u201eTko je dobrovoljni davatelj krvi?\u201c i \u201eKako se postaje dobrovoljni davatelj krvi?\u201c.\u00a0<\/p>\n<p>&nbsp;<\/p>\n<p>[\/et_pb_text][et_pb_text _builder_version=&#8221;3.22.7&#8243; border_width_left=&#8221;10px&#8221; border_color_left=&#8221;#e02b20&#8243; custom_margin=&#8221;|||15px&#8221; custom_padding=&#8221;|||20px&#8221;]<\/p>\n<h1><strong>TKO JE<br \/> DOBROVOLJNI<br \/> DARIVATELJ KRVI?<\/strong><\/h1>\n<p>Dobrovoljni davatelj krvi je osoba koja daje krv, plazmu ili druge sastojke krvi dragovoljno i za to nije pla\u0107ena niti u nov\u010danom niti u nekom drugom obliku koji bi mogao biti zamjena za novac.<\/p>\n<h4>Kako se postaje dobrovoljni davatelj krvi?<\/h4>\n<p>Jednostavno \u2013 najprije morate donijeti odluku da \u017eelite davati krv i tako spa\u0161avati \u017eivote te pridonijeti lije\u010denju ozlije\u0111enih ili bolesnih ljudi.<\/p>\n<p>Javite se u svoje dru\u0161tvo Crvenog kri\u017ea. Davanje krvi je povlastica zdravih ljudi jer samo zdrava osoba mo\u017ee biti davatelj krvi.<\/p>\n<h4>Koliko \u010desto i tko mo\u017ee dati krv?<\/h4>\n<p>Krv mogu dati zdrave osobe od 18 do 65 godina starosti.<\/p>\n<p>Mu\u0161karci mogu dati krv svaka 3 mjeseca, a \u017eene svaka 4 mjeseca.<\/p>\n<h4>Koji su razlozi privremenog odbijanja davatelja?<\/h4>\n<p>Razlozi privremenog odbijanja davatelja:<\/p>\n<ul>\n<li>nizak hemoglobin,<\/li>\n<li>visoki ili niski krvni tlak,<\/li>\n<li>\u017eene za vrijeme menstruacije, trudno\u0107e ili dojenja,<\/li>\n<li>lak\u0161e akutne bolesti (hunjavica, prehlada),<\/li>\n<li>tetova\u017ea i piercing,<\/li>\n<li>alkoholizirano stanje<\/li>\n<li>uzimanje antibiotika,<\/li>\n<li>cijepljene osobe,<\/li>\n<li>nakon primanja transfuzije,<\/li>\n<li>nakon operativnih zahvata i sl.<\/li>\n<\/ul>\n<p>Ovo su samo neki od razloga privremenog odbijanja. Kona\u010dnu odluku donosi lije\u010dnik prilikom pregleda i razgovora s davateljem prije samog \u010dina davanja krvi.<\/p>\n<p>Ako ne mo\u017eete dati krv \u2013 NE O\u010cAJAVAJTE!<\/p>\n<p>Pomo\u0107i mo\u017eete i kao animator davala\u0161tva krvi u svojoj sredini. Javite se u svoj Crveni kri\u017e!<\/p>\n<h4>Mo\u017ee li \u010dovjek davanjem krvi dobiti AIDS?<\/h4>\n<p>NE \u2013 to nije mogu\u0107e! Davanjem krvi ne mo\u017ee se dobiti niti AIDS niti bilo koja druga bolest. Pribor koji se koristi prigodom uzimanja krvi je zapakiran, sterilan i za jednokratnu uporabu.<\/p>\n<h4>Mo\u017ee li davanje krvi biti \u0161tetno za ljudsko zdravlje?<\/h4>\n<p>NE \u2013 zdravi organizam ima uvijek dovoljne koli\u010dine krvi (oko 5 litara). Dobrovoljnim davanjem krvi ujedno kontroliramo na\u0161e zdravlje. Prilikom svakog davanja krvi, davatelj prolazi lije\u010dni\u010dki pregled, kontrolira razinu \u017eeljeza u krvi, a njegova krv se testira na AIDS, hepatitis i sifilis. Odre\u0111uje se i pripadnost krvnoj grupi (A, B, AB, O; svaka mo\u017ee biti Rh + ili Rh -).<\/p>\n<h4>Kako se sve mo\u017ee dati krv?<\/h4>\n<p>Naj\u010de\u0161\u0107i na\u010din davanja krvi jest \u201cklasi\u010dno\u201d davanje, \u0161to zna\u010di uzimanje jedne pune doze krvi od 450 mililitara.<\/p>\n<p>Tako\u0111er se mogu uzimati pojedini sastojci krvi, \u0161to zovemo davanje na aparatu \u2013 stani\u010dnom separatoru.<\/p>\n<h4>Koliko traje davanje krvi?<\/h4>\n<p>Nakon lije\u010dni\u010dkog pregleda i odre\u0111ivanja hemoglobina u krvi, klasi\u010dno davanje krvi traje desetak minuta.<\/p>\n<p>Nakon toga je predvi\u0111eno vrijeme za odmor uz dru\u017eenje s drugim davateljima te osvje\u017eenje uz lagani obrok i bezalkoholno pi\u0107e.<\/p>\n<h4>Treba li jesti prije davanja krvi?<\/h4>\n<p>Nije po\u017eeljno biti nata\u0161te. Preporu\u010da se lagani obrok nekoliko sati prije davanja krvi. Zbog bolesnika koji \u0107e primiti darovanu krv, NE preporu\u010da se jesti izrazito masnu hranu ili piti alkohol 8 sati prije davanja krvi.<\/p>\n<p>[\/et_pb_text][\/et_pb_column][et_pb_column type=&#8221;2_5&#8243; _builder_version=&#8221;3.22.7&#8243;][et_pb_image src=&#8221;https:\/\/crveni-kriz-delnice.hr\/wp-content\/uploads\/2022\/07\/krv_sastrane.png&#8221; align=&#8221;right&#8221; disabled_on=&#8221;on|off|off&#8221; _builder_version=&#8221;3.22.7&#8243; custom_margin=&#8221;-132px|||||&#8221;][\/et_pb_image][\/et_pb_column][\/et_pb_row][\/et_pb_section][et_pb_section fb_built=&#8221;1&#8243; _builder_version=&#8221;3.22.7&#8243; background_color=&#8221;#222222&#8243; custom_padding=&#8221;6px|||||&#8221; locked=&#8221;off&#8221;][et_pb_row custom_margin=&#8221;-2px|auto||auto||&#8221; _builder_version=&#8221;3.22.7&#8243; width=&#8221;90%&#8221; locked=&#8221;off&#8221;][et_pb_column type=&#8221;1_3&#8243; _builder_version=&#8221;3.22.7&#8243;][et_pb_text _builder_version=&#8221;3.22.7&#8243;]<\/p>\n<p><span style=\"color: #ff0000;\"><strong><span style=\"color: #ff0000;\">GRADSKO DRU\u0160TVO CRVENOG KRI\u017dA DELNICE<\/span><br \/> <\/strong><\/span><\/p>\n<p>Ravnatelj\/ica: Snje\u017eana Krizmani\u0107, prof.<br \/> Predsjednik\/ica: <span lang=\"EN-US\">Marina Raukar<\/span><\/p>\n<p>Adresa: \u0160kolska 25<br \/> Grad: Delnice<br \/> Po\u0161tanski broj: 51 300<\/p>\n<p>[\/et_pb_text][\/et_pb_column][et_pb_column type=&#8221;1_3&#8243; _builder_version=&#8221;3.22.7&#8243;][et_pb_image src=&#8221;https:\/\/crveni-kriz-delnice.hr\/wp-content\/uploads\/2022\/07\/CK_krug2.png&#8221; _builder_version=&#8221;3.22.7&#8243; width=&#8221;50%&#8221; module_alignment=&#8221;center&#8221; custom_padding=&#8221;0px|||||&#8221;][\/et_pb_image][et_pb_image src=&#8221;https:\/\/crveni-kriz-delnice.hr\/wp-content\/uploads\/2022\/08\/sredis\u030cnji-drz\u030cavni-ured-za-demografiju-mlade-logo.png&#8221; _builder_version=&#8221;3.22.7&#8243;][\/et_pb_image][\/et_pb_column][et_pb_column type=&#8221;1_3&#8243; _builder_version=&#8221;3.22.7&#8243;][et_pb_text _builder_version=&#8221;3.22.7&#8243;]<\/p>\n<p>Telefon: 051 812 686<br \/> Fax: 051 812 686<\/p>\n<p> E-mail: <a href=\"mailto:hck.delnice@hi.t-com.hr\">hck.delnice@hi.t-com.hr<\/a><\/p>\n<p>Facebook: <a href=\"https:\/\/hr-hr.facebook.com\/ckdelnice\/\">Gradsko dru\u0161tvo Crvenog kri\u017ea Delnice<\/a><\/p>\n<p>[\/et_pb_text][\/et_pb_column][\/et_pb_row][\/et_pb_section]<\/p>\n","protected":false},"excerpt":{"rendered":"<p>Dobrovoljni davatelj krvi je osoba koja daje krv, plazmu ili druge sastojke krvi dragovoljno i za to nije pla\u0107ena niti u nov\u010danom niti u nekom drugom obliku koji bi mogao biti zamjena za novac.Jednostavno \u2013 najprije morate donijeti odluku da \u017eelite davati krv i tako spa\u0161avati \u017eivote te pridonijeti lije\u010denju ozlije\u0111enih ili bolesnih ljudi. Javite [&hellip;]<\/p>\n","protected":false},"author":1,"featured_media":0,"parent":0,"menu_order":0,"comment_status":"closed","ping_status":"closed","template":"","meta":{"_et_pb_use_builder":"on","_et_pb_old_content":"","_et_gb_content_width":"","footnotes":""},"class_list":["post-23","page","type-page","status-publish","hentry"],"_links":{"self":[{"href":"https:\/\/crveni-kriz-delnice.hr\/index.php\/wp-json\/wp\/v2\/pages\/23","targetHints":{"allow":["GET"]}}],"collection":[{"href":"https:\/\/crveni-kriz-delnice.hr\/index.php\/wp-json\/wp\/v2\/pages"}],"about":[{"href":"https:\/\/crveni-kriz-delnice.hr\/index.php\/wp-json\/wp\/v2\/types\/page"}],"author":[{"embeddable":true,"href":"https:\/\/crveni-kriz-delnice.hr\/index.php\/wp-json\/wp\/v2\/users\/1"}],"replies":[{"embeddable":true,"href":"https:\/\/crveni-kriz-delnice.hr\/index.php\/wp-json\/wp\/v2\/comments?post=23"}],"version-history":[{"count":35,"href":"https:\/\/crveni-kriz-delnice.hr\/index.php\/wp-json\/wp\/v2\/pages\/23\/revisions"}],"predecessor-version":[{"id":467,"href":"https:\/\/crveni-kriz-delnice.hr\/index.php\/wp-json\/wp\/v2\/pages\/23\/revisions\/467"}],"wp:attachment":[{"href":"https:\/\/crveni-kriz-delnice.hr\/index.php\/wp-json\/wp\/v2\/media?parent=23"}],"curies":[{"name":"wp","href":"https:\/\/api.w.org\/{rel}","templated":true}]}}