{"id":220,"date":"2022-07-20T12:15:36","date_gmt":"2022-07-20T12:15:36","guid":{"rendered":"https:\/\/crveni-kriz-delnice.hr\/?page_id=220"},"modified":"2022-08-29T13:13:29","modified_gmt":"2022-08-29T13:13:29","slug":"prva-pomoc","status":"publish","type":"page","link":"https:\/\/crveni-kriz-delnice.hr\/index.php\/prva-pomoc\/","title":{"rendered":"Prva pomo\u0107"},"content":{"rendered":"<p>[et_pb_section fb_built=&#8221;1&#8243; _builder_version=&#8221;3.22.7&#8243; background_color=&#8221;#f0eef1&#8243; background_image=&#8221;https:\/\/crveni-kriz-delnice.hr\/wp-content\/uploads\/2022\/07\/prva_pomoc_backgr.jpg&#8221; background_blend=&#8221;multiply&#8221; custom_padding=&#8221;24px|||||&#8221;][et_pb_row _builder_version=&#8221;3.22.7&#8243; width=&#8221;90%&#8221; width_tablet=&#8221;90%&#8221; width_phone=&#8221;90%&#8221; width_last_edited=&#8221;on|desktop&#8221;][et_pb_column type=&#8221;4_4&#8243; _builder_version=&#8221;3.22.7&#8243;][et_pb_text _builder_version=&#8221;3.22.7&#8243; header_font=&#8221;|800|||||||&#8221; header_text_align=&#8221;left&#8221; header_font_size=&#8221;60px&#8221; header_font_size_phone=&#8221;30px&#8221; header_font_size_last_edited=&#8221;on|phone&#8221; border_width_bottom=&#8221;4px&#8221; border_color_bottom=&#8221;#e02b20&#8243; width=&#8221;60%&#8221; width_tablet=&#8221;90%&#8221; width_phone=&#8221;90%&#8221; width_last_edited=&#8221;on|phone&#8221;]<\/p>\n<div class=\"entry-content clear\" itemprop=\"text\">\n<h1><strong>PRVA<br \/> POMO\u0106<br \/> <\/strong><\/h1>\n<\/div>\n<p>[\/et_pb_text][et_pb_text _builder_version=&#8221;3.22.7&#8243; text_font=&#8221;||||||||&#8221; text_font_size=&#8221;16px&#8221; text_line_height=&#8221;1.8em&#8221; width=&#8221;60%&#8221; width_tablet=&#8221;90%&#8221; width_phone=&#8221;90%&#8221; width_last_edited=&#8221;on|phone&#8221;]<\/p>\n<p>Prva pomo\u0107 predstavlja najstariju tradicionalnu aktivnost Crvenog kri\u017ea. Cilj je pripremanje gra\u0111ana, neprofesionalaca da spremno pristupe ozlije\u0111enoj ili naglo oboljeloj osobi i pravilnom primjenom prve pomo\u0107i do dolaska stru\u010dnog medicinskog osoblja spase \u017eivot i skrate vrijeme lije\u010denja odnosno oporavka osobe.<\/p>\n<p>Prvu pomo\u0107 pru\u017ea osoba koja se zatekne na mjestu nesre\u0107e. O njezinom poznavanju prve pomo\u0107i ovisi daljnji tijek spa\u0161avanja, osiguravanje brze intervencije hitnih slu\u017ebi i u kona\u010dnici uspje\u0161nost spa\u0161avanja. Primjena postupaka prve pomo\u0107i po\u010detak je pomaganja i zbrinjavanja ozlije\u0111ene ili naglo oboljele osobe. Primjenjuje se s ciljem spa\u0161avanja \u017eivota, spre\u010davanja nastanka komplikacija i invalidnosti i skra\u0107ivanja trajanja lije\u010denja i oporavka.<\/p>\n<h3>Prva pomo\u0107 kao aktivnost GDCK Delnice<\/h3>\n<p>GDCK Delnice provodi edukaciju prve pomo\u0107i kao pripremu za natjecanje mladih Hrvatskog Crvenog kri\u017ea u osnovnim \u0161kolama i Srednjoj \u0161koli Delnice na podru\u010dju djelovanja GDCK Delnice.<\/p>\n<p>Pripreme za natjecanja mladih Hrvatskog Crvenog kri\u017ea provode se na gradskoj (me\u0111u\u0161kolsko) i \u017eupanijskoj razini u dvije kategorije \u2013 osnovna \u0161kola \u2013 podmladak i srednja \u0161kola \u2013 mladi. Pobjednici na me\u0111u\u017eupanijskom natjecanju sudjeluju na dr\u017eavnom natjecanju mladih Hrvatskog Crvenog kri\u017ea.<\/p>\n<p>Natjecanja su uvr\u0161tena u sustav \u0161kolskih natjecanja.<\/p>\n<p>Gra\u0111anima su ponu\u0111eni te\u010dajevi prve pomo\u0107i za kandidate za voza\u010de i radnicima za za\u0161titu na radu na radnom mjestu.<\/p>\n<p>GDCK Delnice s ciljem popularizacije prve pomo\u0107i provodi i razne promid\u017ebene aktivnosti i manifestacije, kao \u0161to je obilje\u017eavanje Svjetskog dana prve pomo\u0107i.<\/p>\n<p>[\/et_pb_text][\/et_pb_column][\/et_pb_row][\/et_pb_section][et_pb_section fb_built=&#8221;1&#8243; _builder_version=&#8221;3.22.7&#8243; background_color=&#8221;#222222&#8243; custom_padding=&#8221;6px|||||&#8221; locked=&#8221;off&#8221;][et_pb_row custom_margin=&#8221;-2px|auto||auto||&#8221; _builder_version=&#8221;3.22.7&#8243; width=&#8221;90%&#8221; locked=&#8221;off&#8221;][et_pb_column type=&#8221;1_3&#8243; _builder_version=&#8221;3.22.7&#8243;][et_pb_text _builder_version=&#8221;3.22.7&#8243;]<\/p>\n<p><span style=\"color: #ff0000;\"><strong><span style=\"color: #ff0000;\">GRADSKO DRU\u0160TVO CRVENOG KRI\u017dA DELNICE<\/span><br \/> <\/strong><\/span><\/p>\n<p>Ravnatelj\/ica: Snje\u017eana Krizmani\u0107, prof.<br \/> Predsjednik\/ica: <span lang=\"EN-US\">Marina Raukar<\/span><\/p>\n<p>Adresa: \u0160kolska 25<br \/> Grad: Delnice<br \/> Po\u0161tanski broj: 51 300<\/p>\n<p>[\/et_pb_text][\/et_pb_column][et_pb_column type=&#8221;1_3&#8243; _builder_version=&#8221;3.22.7&#8243;][et_pb_image src=&#8221;https:\/\/crveni-kriz-delnice.hr\/wp-content\/uploads\/2022\/07\/CK_krug2.png&#8221; _builder_version=&#8221;3.22.7&#8243; width=&#8221;50%&#8221; module_alignment=&#8221;center&#8221; custom_padding=&#8221;0px|||||&#8221;][\/et_pb_image][et_pb_image src=&#8221;https:\/\/crveni-kriz-delnice.hr\/wp-content\/uploads\/2022\/08\/sredis\u030cnji-drz\u030cavni-ured-za-demografiju-mlade-logo.png&#8221; _builder_version=&#8221;3.22.7&#8243;][\/et_pb_image][\/et_pb_column][et_pb_column type=&#8221;1_3&#8243; _builder_version=&#8221;3.22.7&#8243;][et_pb_text _builder_version=&#8221;3.22.7&#8243;]<\/p>\n<p>Telefon: 051 812 686<br \/> Fax: 051 812 686<\/p>\n<p> E-mail: <a href=\"mailto:hck.delnice@hi.t-com.hr\">hck.delnice@hi.t-com.hr<\/a><\/p>\n<p>Facebook: <a href=\"https:\/\/hr-hr.facebook.com\/ckdelnice\/\">Gradsko dru\u0161tvo Crvenog kri\u017ea Delnice<\/a><\/p>\n<p>[\/et_pb_text][\/et_pb_column][\/et_pb_row][\/et_pb_section]<\/p>\n","protected":false},"excerpt":{"rendered":"<p>PRVA POMO\u0106 Prva pomo\u0107 predstavlja najstariju tradicionalnu aktivnost Crvenog kri\u017ea. Cilj je pripremanje gra\u0111ana, neprofesionalaca da spremno pristupe ozlije\u0111enoj ili naglo oboljeloj osobi i pravilnom primjenom prve pomo\u0107i do dolaska stru\u010dnog medicinskog osoblja spase \u017eivot i skrate vrijeme lije\u010denja odnosno oporavka osobe. Prvu pomo\u0107 pru\u017ea osoba koja se zatekne na mjestu nesre\u0107e. O njezinom poznavanju [&hellip;]<\/p>\n","protected":false},"author":1,"featured_media":0,"parent":0,"menu_order":0,"comment_status":"closed","ping_status":"closed","template":"","meta":{"_et_pb_use_builder":"on","_et_pb_old_content":"","_et_gb_content_width":"","footnotes":""},"class_list":["post-220","page","type-page","status-publish","hentry"],"_links":{"self":[{"href":"https:\/\/crveni-kriz-delnice.hr\/index.php\/wp-json\/wp\/v2\/pages\/220","targetHints":{"allow":["GET"]}}],"collection":[{"href":"https:\/\/crveni-kriz-delnice.hr\/index.php\/wp-json\/wp\/v2\/pages"}],"about":[{"href":"https:\/\/crveni-kriz-delnice.hr\/index.php\/wp-json\/wp\/v2\/types\/page"}],"author":[{"embeddable":true,"href":"https:\/\/crveni-kriz-delnice.hr\/index.php\/wp-json\/wp\/v2\/users\/1"}],"replies":[{"embeddable":true,"href":"https:\/\/crveni-kriz-delnice.hr\/index.php\/wp-json\/wp\/v2\/comments?post=220"}],"version-history":[{"count":24,"href":"https:\/\/crveni-kriz-delnice.hr\/index.php\/wp-json\/wp\/v2\/pages\/220\/revisions"}],"predecessor-version":[{"id":471,"href":"https:\/\/crveni-kriz-delnice.hr\/index.php\/wp-json\/wp\/v2\/pages\/220\/revisions\/471"}],"wp:attachment":[{"href":"https:\/\/crveni-kriz-delnice.hr\/index.php\/wp-json\/wp\/v2\/media?parent=220"}],"curies":[{"name":"wp","href":"https:\/\/api.w.org\/{rel}","templated":true}]}}