{"id":19,"date":"2022-07-15T08:13:49","date_gmt":"2022-07-15T08:13:49","guid":{"rendered":"https:\/\/crveni-kriz-delnice.hr\/?page_id=19"},"modified":"2022-11-07T08:47:03","modified_gmt":"2022-11-07T08:47:03","slug":"vijesti","status":"publish","type":"page","link":"https:\/\/crveni-kriz-delnice.hr\/index.php\/vijesti\/","title":{"rendered":"Vijesti"},"content":{"rendered":"<p>[et_pb_section fb_built=&#8221;1&#8243; _builder_version=&#8221;4.16&#8243; background_color=&#8221;#f0eef1&#8243; global_colors_info=&#8221;{}&#8221;][et_pb_row _builder_version=&#8221;4.16&#8243; global_colors_info=&#8221;{}&#8221;][et_pb_column type=&#8221;4_4&#8243; _builder_version=&#8221;4.16&#8243; custom_padding=&#8221;|||&#8221; global_colors_info=&#8221;{}&#8221; custom_padding__hover=&#8221;|||&#8221;][et_pb_text _builder_version=&#8221;4.16&#8243; header_font=&#8221;|800|||||||&#8221; header_text_color=&#8221;#222222&#8243; header_3_font=&#8221;||||||||&#8221; header_3_text_color=&#8221;#222222&#8243; border_width_bottom=&#8221;5px&#8221; border_color_bottom=&#8221;#e02b20&#8243; locked=&#8221;off&#8221; global_colors_info=&#8221;{}&#8221;]<\/p>\n<h1>VIJESTI<\/h1>\n<p>[\/et_pb_text][et_pb_blog fullwidth=&#8221;off&#8221; posts_number=&#8221;20&#8243; include_categories=&#8221;4&#8243; show_author=&#8221;off&#8221; show_pagination=&#8221;off&#8221; _builder_version=&#8221;4.19.0&#8243; hover_enabled=&#8221;0&#8243; global_colors_info=&#8221;{}&#8221; sticky_enabled=&#8221;0&#8243;][\/et_pb_blog][\/et_pb_column][\/et_pb_row][\/et_pb_section][et_pb_section fb_built=&#8221;1&#8243; _builder_version=&#8221;4.16&#8243; background_color=&#8221;#222222&#8243; custom_padding=&#8221;6px|||||&#8221; locked=&#8221;off&#8221; global_colors_info=&#8221;{}&#8221;][et_pb_row _builder_version=&#8221;4.16&#8243; width=&#8221;90%&#8221; custom_margin=&#8221;-2px|auto||auto||&#8221; locked=&#8221;off&#8221; global_colors_info=&#8221;{}&#8221; column_structure=&#8221;1_3,1_3,1_3&#8243;][et_pb_column type=&#8221;1_3&#8243; _builder_version=&#8221;4.16&#8243; custom_padding=&#8221;|||&#8221; global_colors_info=&#8221;{}&#8221; custom_padding__hover=&#8221;|||&#8221;][et_pb_text _builder_version=&#8221;4.16&#8243; global_colors_info=&#8221;{}&#8221;]<\/p>\n<p><span style=\"color: #ff0000;\"><strong><span style=\"color: #ff0000;\">GRADSKO DRU\u0160TVO CRVENOG KRI\u017dA DELNICE<\/span><br \/> <\/strong><\/span><\/p>\n<p>Ravnatelj\/ica: Snje\u017eana Krizmani\u0107, prof.<br \/> Predsjednik\/ica: <span lang=\"EN-US\">Marina Raukar<\/span><\/p>\n<p>Adresa: \u0160kolska 25<br \/> Grad: Delnice<br \/> Po\u0161tanski broj: 51 300<\/p>\n<p>[\/et_pb_text][\/et_pb_column][et_pb_column type=&#8221;1_3&#8243; _builder_version=&#8221;4.16&#8243; custom_padding=&#8221;|||&#8221; global_colors_info=&#8221;{}&#8221; custom_padding__hover=&#8221;|||&#8221;][et_pb_image src=&#8221;https:\/\/crveni-kriz-delnice.hr\/wp-content\/uploads\/2022\/07\/CK_krug2.png&#8221; align_tablet=&#8221;center&#8221; align_last_edited=&#8221;on|desktop&#8221; _builder_version=&#8221;4.16&#8243; width=&#8221;50%&#8221; module_alignment=&#8221;center&#8221; custom_padding=&#8221;0px|||||&#8221; global_colors_info=&#8221;{}&#8221; align_phone=&#8221;center&#8221;][\/et_pb_image][et_pb_image src=&#8221;https:\/\/crveni-kriz-delnice.hr\/wp-content\/uploads\/2022\/08\/sredis\u030cnji-drz\u030cavni-ured-za-demografiju-mlade-logo.png&#8221; align_tablet=&#8221;center&#8221; align_last_edited=&#8221;on|desktop&#8221; _builder_version=&#8221;4.16&#8243; global_colors_info=&#8221;{}&#8221; align_phone=&#8221;center&#8221;][\/et_pb_image][\/et_pb_column][et_pb_column type=&#8221;1_3&#8243; _builder_version=&#8221;4.16&#8243; custom_padding=&#8221;|||&#8221; global_colors_info=&#8221;{}&#8221; custom_padding__hover=&#8221;|||&#8221;][et_pb_text _builder_version=&#8221;4.16&#8243; global_colors_info=&#8221;{}&#8221;]<\/p>\n<p>Telefon: 051 812 686<br \/> Fax: 051 812 686<\/p>\n<p> E-mail: <a href=\"mailto:hck.delnice@hi.t-com.hr\">hck.delnice@hi.t-com.hr<\/a><\/p>\n<p>Facebook: <a href=\"https:\/\/hr-hr.facebook.com\/ckdelnice\/\">Gradsko dru\u0161tvo Crvenog kri\u017ea Delnice<\/a><\/p>\n<p>[\/et_pb_text][\/et_pb_column][\/et_pb_row][\/et_pb_section]<\/p>\n","protected":false},"excerpt":{"rendered":"<p>VIJESTIGRADSKO DRU\u0160TVO CRVENOG KRI\u017dA DELNICE Ravnatelj\/ica: Snje\u017eana Krizmani\u0107, prof. Predsjednik\/ica: Marina Raukar Adresa: \u0160kolska 25 Grad: Delnice Po\u0161tanski broj: 51 300Telefon: 051 812 686 Fax: 051 812 686 E-mail: hck.delnice@hi.t-com.hr Facebook: Gradsko dru\u0161tvo Crvenog kri\u017ea Delnice<\/p>\n","protected":false},"author":1,"featured_media":0,"parent":0,"menu_order":0,"comment_status":"closed","ping_status":"closed","template":"","meta":{"_et_pb_use_builder":"on","_et_pb_old_content":"","_et_gb_content_width":"","footnotes":""},"class_list":["post-19","page","type-page","status-publish","hentry"],"_links":{"self":[{"href":"https:\/\/crveni-kriz-delnice.hr\/index.php\/wp-json\/wp\/v2\/pages\/19","targetHints":{"allow":["GET"]}}],"collection":[{"href":"https:\/\/crveni-kriz-delnice.hr\/index.php\/wp-json\/wp\/v2\/pages"}],"about":[{"href":"https:\/\/crveni-kriz-delnice.hr\/index.php\/wp-json\/wp\/v2\/types\/page"}],"author":[{"embeddable":true,"href":"https:\/\/crveni-kriz-delnice.hr\/index.php\/wp-json\/wp\/v2\/users\/1"}],"replies":[{"embeddable":true,"href":"https:\/\/crveni-kriz-delnice.hr\/index.php\/wp-json\/wp\/v2\/comments?post=19"}],"version-history":[{"count":7,"href":"https:\/\/crveni-kriz-delnice.hr\/index.php\/wp-json\/wp\/v2\/pages\/19\/revisions"}],"predecessor-version":[{"id":593,"href":"https:\/\/crveni-kriz-delnice.hr\/index.php\/wp-json\/wp\/v2\/pages\/19\/revisions\/593"}],"wp:attachment":[{"href":"https:\/\/crveni-kriz-delnice.hr\/index.php\/wp-json\/wp\/v2\/media?parent=19"}],"curies":[{"name":"wp","href":"https:\/\/api.w.org\/{rel}","templated":true}]}}