{"id":1697,"date":"2025-05-29T13:19:02","date_gmt":"2025-05-29T13:19:02","guid":{"rendered":"https:\/\/crveni-kriz-delnice.hr\/?page_id=1697"},"modified":"2025-08-22T07:43:58","modified_gmt":"2025-08-22T07:43:58","slug":"mozemo-2-2","status":"publish","type":"page","link":"https:\/\/crveni-kriz-delnice.hr\/index.php\/mozemo-2-2\/","title":{"rendered":"Mo\u017eemo! 2"},"content":{"rendered":"<p>[et_pb_section fb_built=&#8221;1&#8243; _builder_version=&#8221;4.27.4&#8243; background_color=&#8221;#e2e2e4&#8243; background_enable_image=&#8221;off&#8221; custom_padding=&#8221;24px||2px|||&#8221; global_colors_info=&#8221;{}&#8221;][et_pb_row column_structure=&#8221;3_5,2_5&#8243; _builder_version=&#8221;4.25.0&#8243; width=&#8221;90%&#8221; width_tablet=&#8221;90%&#8221; width_phone=&#8221;90%&#8221; width_last_edited=&#8221;on|desktop&#8221; global_colors_info=&#8221;{}&#8221;][et_pb_column type=&#8221;3_5&#8243; _builder_version=&#8221;4.16&#8243; custom_padding=&#8221;|||&#8221; global_colors_info=&#8221;{}&#8221; custom_padding__hover=&#8221;|||&#8221;][et_pb_text _builder_version=&#8221;4.27.4&#8243; header_font=&#8221;|800|||||||&#8221; header_text_align=&#8221;left&#8221; header_font_size=&#8221;50px&#8221; width=&#8221;60%&#8221; width_tablet=&#8221;90%&#8221; width_phone=&#8221;90%&#8221; width_last_edited=&#8221;on|phone&#8221; header_font_size_tablet=&#8221;&#8221; header_font_size_phone=&#8221;30px&#8221; header_font_size_last_edited=&#8221;on|phone&#8221; border_width_bottom=&#8221;4px&#8221; border_color_bottom=&#8221;#e02b20&#8243; global_colors_info=&#8221;{}&#8221;]<\/p>\n<div class=\"entry-content clear\" itemprop=\"text\">\n<h1><span lang=\"EN-US\">Mo\u017eemo! 2<\/span><\/h1>\n<\/div>\n<p>[\/et_pb_text][et_pb_text _builder_version=&#8221;4.27.4&#8243; text_font=&#8221;||||||||&#8221; text_font_size=&#8221;16px&#8221; text_line_height=&#8221;1.8em&#8221; width=&#8221;100%&#8221; width_tablet=&#8221;90%&#8221; width_phone=&#8221;90%&#8221; width_last_edited=&#8221;on|phone&#8221; hover_enabled=&#8221;0&#8243; global_colors_info=&#8221;{}&#8221; sticky_enabled=&#8221;0&#8243;]<\/p>\n<p><strong>Mo\u017eemo li u\u010diniti ne\u0161to za \u017ertve nasilja u obitelji &#8211; Mo\u017eemo!\u00a0\u00a0 II<\/strong><\/p>\n<p><strong>Usluga savjetovali\u0161ta za \u017ertve nasilja u obitelji\u00a0\u00a0\u00a0\u00a0\u00a0\u00a0 <\/strong><\/p>\n<p><strong>POZIV PROJEKTA:<\/strong><br \/>Projekti udruga koje pru\u017eaju usluge usluge savjetovali\u0161ta za \u017ertve nasilja u obitelji i \u017ertve seksualnog nasilja u Republici Hrvatskoj za 2024. godinu<\/p>\n<p><strong>NAZIV PROGRAMA:<\/strong><br \/>Mo\u017eemo li u\u010diniti ne\u0161to za \u017ertve nasilja u obitelji &#8211; Mo\u017eemo! II<\/p>\n<p><strong>PRIORITETNO PODRU\u010cJE:<\/strong> P1. Usluga savjetovali\u0161ta za \u017ertve nasilja u obitelji<\/p>\n<p><strong>NOSITELJ PROJEKTA:<\/strong><br \/>Hrvatski Crveni kri\u017e Gradsko dru\u0161tvo Crvenog kri\u017ea Delnice \u2013 Savjetovali\u0161te Izvor<\/p>\n<p><strong>PERIOD PROVEDBE PROJEKTA: <\/strong>od 01.12.2024. do 30.11.2025.<\/p>\n<p><strong>UPRAVLJA\u010cKO TIJELO (UT): Ministarstvo rada, mirovinskoga sustava, obitelji i socijalne politike<\/strong><\/p>\n<p><strong>FINANCIRANJE:<\/strong><br \/>Bespovratna sredstva 100%,<\/p>\n<p><strong>VRIJEDNOST PROJEKTA:<\/strong>\u00a0 30.000,00 \u20ac<\/p>\n<p><strong>PROJEKTNI PARTNERI:<\/strong><\/p>\n<ul>\n<li>Zavod za socijalnu skrb \u2013 upu\u0107ivanje korisnika za savjetovanje i psihoterapiju, sudjelovanje u promid\u017ebenim aktivnostima.<\/li>\n<li>Grad Delnice \u2013 osiguranje besplatnog kori\u0161tenja javnih povr\u0161ina i gradskog prostora, sudjelovanje \u010delnog \u010dovjeka u manifestacijama i kampanjama \u201eSTOP obiteljskom nasilju\u201c<\/li>\n<\/ul>\n<p><strong>SURADNICI: <\/strong><\/p>\n<ul>\n<li>Gradska knji\u017enica Janet Majnarich Delnice<\/li>\n<li>\u0160kole, odgojno \u2013 obrazovne ustanove za organizaciju kino predstave<\/li>\n<\/ul>\n<p><strong>CILJEVI PROJEKTA:<\/strong><\/p>\n<p>Savjetovanje i pru\u017eanje pomo\u0107i \u017ertvama nasilja u obitelji,\u00a0 podizanje znanja i svijesti o pravima \u017ertava nasilja u obitelji,\u00a0 izobrazba zaposlenih u savjetovali\u0161tu o pravima i potrebama \u017ertava nasilja i njihove djece. Podr\u0161ka \u017ertvama pru\u017eati \u0107e se s podru\u010dja 7 jedinica lokalnih samouprava Gorskog kotara, dislocirane i ruralne sredine (grada Delnica i op\u0107ina Lokve, Fu\u017eine, Mrkopalj, Ravna Gora, Brod Moravice i Skrad). Raditi \u0107e se na unapre\u0111enju za\u0161tite \u017ertava, odnosno podru\u010dja kojima je u fokusu interesa krajnji korisnik.<\/p>\n<ul>\n<li>osigurati potrebnu pomo\u0107 \u017ertvama nasilja u obitelji s podru\u010dja Gorskog kotara,<\/li>\n<li>pru\u017eiti besplatnu usluga savjetovanja i psiho-socijalne pomo\u0107i \u017ertvama nasilja u obitelji,<\/li>\n<li>educirati djecu i mlade o obiteljskom nasilju u cilju prepoznavanja nasilni\u010dkih oblika pona\u0161anja,<\/li>\n<li>djelovati na podizanju znanja i svijesti lokalnog stanovni\u0161tva o pravima i potrebama \u017ertava nasilja u obitelji, te o va\u017enosti preventivnog djelovanja na nasilje,<\/li>\n<li>omogu\u0107iti volonterima GDCK Delnice koji rade u savjetovali\u0161tu dodatne edukacije o pravima i potrebama \u017ertava nasilja te njihove djece, koji \u0107e dodatnim edukacijama osna\u017eiti vlastite kapacitete za primjenu u postoje\u0107im i drugim programima.<\/li>\n<li>osigurati uravnote\u017eenu teritorijalnu rasprostranjenost pru\u017eanja socijalnih usluga stanovni\u0161tvu Republike Hrvatske.<\/li>\n<\/ul>\n<p><strong>\u00a0<\/strong><strong>Ciljane skupine<\/strong> ovog projekta\/programa su<\/p>\n<ul>\n<li>\u017drtve obiteljskog nasilja<\/li>\n<li>gra\u0111ani<\/li>\n<\/ul>\n<p><strong>Provoditelji\/ nositelji<\/strong> provedbe projekta:<\/p>\n<ul>\n<li>Volonteri GDCK Delnice Savjetovali\u0161ta IZVOR<\/li>\n<li>Tanja Jakovac,<\/li>\n<li>Ksenija Petelin<\/li>\n<li>Sanja Filipovi\u0107, Udruga VIDA iz Rijeke<\/li>\n<li>Snje\u017eana Krizmani\u0107<\/li>\n<\/ul>\n<p><strong>PLANIRANE AKTIVNOSTI:<\/strong><\/p>\n<ul>\n<li>Savjetodavni i psihoterapijski rad &#8211; Pru\u017eanje usluge savjetovanja i psihosocijalna podr\u0161ka \u017ertvama nasilja u obitelji<\/li>\n<li>Kino predstava u Delnicama za mlade, Tema: obiteljsko nasilje<\/li>\n<li>Radio emisija &#8211; Informiranje javnosti o postojanju i djelovanju razli\u010ditih struktura za pru\u017eanje usluge savjetovanja \u017ertvama nasilja u obitelji u PG\u017d, prepoznavanje nasilja u obitelji u svakodnevnim \u017eivotnim situacijama<\/li>\n<li>\u010citateljski klub &#8211; Rasprava o pro\u010ditanoj knjizi na temu obiteljskog nasilja<\/li>\n<li>Knji\u017enica na radiju &#8211; \u201c\u010citateljski kutak\u201d<\/li>\n<li>Predavanje za gra\u0111anstvo<\/li>\n<li>Predavanje za pru\u017eiteljice usluge pomo\u0107i u ku\u0107i programa Za\u017eeli \u2013 faza IV<\/li>\n<li>Manifestacija\/ kampanje \u201eSTOP obiteljskom nasilju\u201c<\/li>\n<li>Izobrazba i usavr\u0161avanje stru\u010dnih osoba koje rade u savjetovali\u0161tu Izvor s ciljem prepoznavanja nasilja u obitelji i odgovaraju\u0107eg postupanja<\/li>\n<li>Informiranje javnosti o postojanju i djelovanju razli\u010ditih struktura za pru\u017eanje usluge savjetovanja \u017ertvama nasilja u obitelji, brojevima kriznih telefona i skloni\u0161ta. Informiranje i poduzimanje mjera radi prepoznavanja I prijavljivanja nasilja.<\/li>\n<\/ul>\n<p>[\/et_pb_text][et_pb_gallery gallery_ids=&#8221;1699,1701,1702,1703&#8243; show_title_and_caption=&#8221;off&#8221; show_pagination=&#8221;off&#8221; _builder_version=&#8221;4.27.4&#8243; _module_preset=&#8221;default&#8221; global_colors_info=&#8221;{}&#8221;][\/et_pb_gallery][\/et_pb_column][et_pb_column type=&#8221;2_5&#8243; _builder_version=&#8221;4.16&#8243; custom_padding=&#8221;|||&#8221; global_colors_info=&#8221;{}&#8221; custom_padding__hover=&#8221;|||&#8221;][et_pb_blog include_categories=&#8221;9&#8243; show_thumbnail=&#8221;off&#8221; show_author=&#8221;off&#8221; _builder_version=&#8221;4.27.4&#8243; _module_preset=&#8221;default&#8221; header_font_size=&#8221;16px&#8221; header_line_height=&#8221;1.2em&#8221; global_colors_info=&#8221;{}&#8221;][\/et_pb_blog][\/et_pb_column][\/et_pb_row][\/et_pb_section][et_pb_section fb_built=&#8221;1&#8243; _builder_version=&#8221;4.16&#8243; background_color=&#8221;#222222&#8243; custom_padding=&#8221;6px|||||&#8221; locked=&#8221;off&#8221; global_colors_info=&#8221;{}&#8221;][et_pb_row column_structure=&#8221;1_3,1_3,1_3&#8243; _builder_version=&#8221;4.16&#8243; width=&#8221;90%&#8221; custom_margin=&#8221;-2px|auto||auto||&#8221; locked=&#8221;off&#8221; global_colors_info=&#8221;{}&#8221;][et_pb_column type=&#8221;1_3&#8243; _builder_version=&#8221;4.16&#8243; custom_padding=&#8221;|||&#8221; global_colors_info=&#8221;{}&#8221; custom_padding__hover=&#8221;|||&#8221;][et_pb_text _builder_version=&#8221;4.18.0&#8243; global_colors_info=&#8221;{}&#8221;]<\/p>\n<p><span style=\"color: #cd5c5c;\"><strong><span style=\"color: #cd5c5c;\">GRADSKO DRU\u0160TVO CRVENOG KRI\u017dA DELNICE<\/span><br \/><\/strong><\/span><\/p>\n<p>Ravnatelj\/ica: Snje\u017eana Krizmani\u0107, prof.<br \/>Predsjednik\/ica: <span lang=\"EN-US\">Marina Raukar<\/span><\/p>\n<p>Adresa: \u0160kolska 25<br \/>Grad: Delnice<br \/>Po\u0161tanski broj: 51 300<\/p>\n<p>[\/et_pb_text][\/et_pb_column][et_pb_column type=&#8221;1_3&#8243; _builder_version=&#8221;4.16&#8243; custom_padding=&#8221;|||&#8221; global_colors_info=&#8221;{}&#8221; custom_padding__hover=&#8221;|||&#8221;][et_pb_image src=&#8221;https:\/\/crveni-kriz-delnice.hr\/wp-content\/uploads\/2022\/07\/CK_krug2.png&#8221; align_tablet=&#8221;center&#8221; align_phone=&#8221;center&#8221; align_last_edited=&#8221;on|desktop&#8221; _builder_version=&#8221;4.16&#8243; width=&#8221;50%&#8221; module_alignment=&#8221;center&#8221; custom_padding=&#8221;0px|||||&#8221; global_colors_info=&#8221;{}&#8221;][\/et_pb_image][et_pb_image src=&#8221;https:\/\/crveni-kriz-delnice.hr\/wp-content\/uploads\/2022\/08\/sredis\u030cnji-drz\u030cavni-ured-za-demografiju-mlade-logo.png&#8221; align_tablet=&#8221;center&#8221; align_phone=&#8221;center&#8221; align_last_edited=&#8221;on|desktop&#8221; _builder_version=&#8221;4.16&#8243; global_colors_info=&#8221;{}&#8221;][\/et_pb_image][\/et_pb_column][et_pb_column type=&#8221;1_3&#8243; _builder_version=&#8221;4.16&#8243; custom_padding=&#8221;|||&#8221; global_colors_info=&#8221;{}&#8221; custom_padding__hover=&#8221;|||&#8221;][et_pb_text _builder_version=&#8221;4.16&#8243; global_colors_info=&#8221;{}&#8221;]<\/p>\n<p>Telefon: 051 812 686<br \/> Fax: 051 812 686<\/p>\n<p> E-mail: <a href=\"mailto:hck.delnice@hi.t-com.hr\">hck.delnice@hi.t-com.hr<\/a><\/p>\n<p>Facebook: <a href=\"https:\/\/hr-hr.facebook.com\/ckdelnice\/\">Gradsko dru\u0161tvo Crvenog kri\u017ea Delnice<\/a><\/p>\n<p>[\/et_pb_text][\/et_pb_column][\/et_pb_row][\/et_pb_section]<\/p>\n","protected":false},"excerpt":{"rendered":"<p>Mo\u017eemo! 2 Mo\u017eemo li u\u010diniti ne\u0161to za \u017ertve nasilja u obitelji &#8211; Mo\u017eemo!\u00a0\u00a0 II Usluga savjetovali\u0161ta za \u017ertve nasilja u obitelji\u00a0\u00a0\u00a0\u00a0\u00a0\u00a0 POZIV PROJEKTA:Projekti udruga koje pru\u017eaju usluge usluge savjetovali\u0161ta za \u017ertve nasilja u obitelji i \u017ertve seksualnog nasilja u Republici Hrvatskoj za 2024. godinu NAZIV PROGRAMA:Mo\u017eemo li u\u010diniti ne\u0161to za \u017ertve nasilja u obitelji &#8211; [&hellip;]<\/p>\n","protected":false},"author":1,"featured_media":0,"parent":0,"menu_order":0,"comment_status":"closed","ping_status":"closed","template":"","meta":{"_et_pb_use_builder":"on","_et_pb_old_content":"","_et_gb_content_width":"","footnotes":""},"class_list":["post-1697","page","type-page","status-publish","hentry"],"_links":{"self":[{"href":"https:\/\/crveni-kriz-delnice.hr\/index.php\/wp-json\/wp\/v2\/pages\/1697","targetHints":{"allow":["GET"]}}],"collection":[{"href":"https:\/\/crveni-kriz-delnice.hr\/index.php\/wp-json\/wp\/v2\/pages"}],"about":[{"href":"https:\/\/crveni-kriz-delnice.hr\/index.php\/wp-json\/wp\/v2\/types\/page"}],"author":[{"embeddable":true,"href":"https:\/\/crveni-kriz-delnice.hr\/index.php\/wp-json\/wp\/v2\/users\/1"}],"replies":[{"embeddable":true,"href":"https:\/\/crveni-kriz-delnice.hr\/index.php\/wp-json\/wp\/v2\/comments?post=1697"}],"version-history":[{"count":5,"href":"https:\/\/crveni-kriz-delnice.hr\/index.php\/wp-json\/wp\/v2\/pages\/1697\/revisions"}],"predecessor-version":[{"id":1949,"href":"https:\/\/crveni-kriz-delnice.hr\/index.php\/wp-json\/wp\/v2\/pages\/1697\/revisions\/1949"}],"wp:attachment":[{"href":"https:\/\/crveni-kriz-delnice.hr\/index.php\/wp-json\/wp\/v2\/media?parent=1697"}],"curies":[{"name":"wp","href":"https:\/\/api.w.org\/{rel}","templated":true}]}}