{"id":1681,"date":"2025-05-29T12:57:16","date_gmt":"2025-05-29T12:57:16","guid":{"rendered":"https:\/\/crveni-kriz-delnice.hr\/?page_id=1681"},"modified":"2025-12-17T15:45:27","modified_gmt":"2025-12-17T15:45:27","slug":"carolija-roditeljstva","status":"publish","type":"page","link":"https:\/\/crveni-kriz-delnice.hr\/index.php\/carolija-roditeljstva\/","title":{"rendered":"\u010carolija roditeljstva"},"content":{"rendered":"<p>[et_pb_section fb_built=&#8221;1&#8243; _builder_version=&#8221;4.27.4&#8243; background_color=&#8221;#e2e2e4&#8243; background_enable_image=&#8221;off&#8221; custom_padding=&#8221;24px||2px|||&#8221; global_colors_info=&#8221;{}&#8221;][et_pb_row column_structure=&#8221;3_5,2_5&#8243; _builder_version=&#8221;4.27.4&#8243; width=&#8221;100%&#8221; width_tablet=&#8221;90%&#8221; width_phone=&#8221;90%&#8221; width_last_edited=&#8221;on|desktop&#8221; max_width=&#8221;1200px&#8221; global_colors_info=&#8221;{}&#8221;][et_pb_column _builder_version=&#8221;4.27.5&#8243; _module_preset=&#8221;default&#8221; type=&#8221;3_5&#8243;][et_pb_blog posts_number=&#8221;30&#8243; include_categories=&#8221;8&#8243; show_thumbnail=&#8221;off&#8221; show_author=&#8221;off&#8221; show_pagination=&#8221;off&#8221; _builder_version=&#8221;4.27.5&#8243; _module_preset=&#8221;default&#8221; header_font_size=&#8221;15px&#8221; header_line_height=&#8221;1.2em&#8221; hover_enabled=&#8221;0&#8243; global_colors_info=&#8221;{}&#8221; sticky_enabled=&#8221;0&#8243;][\/et_pb_blog][\/et_pb_column][et_pb_column type=&#8221;2_5&#8243; _builder_version=&#8221;4.16&#8243; custom_padding=&#8221;|||&#8221; global_colors_info=&#8221;{}&#8221; custom_padding__hover=&#8221;|||&#8221;][et_pb_text _builder_version=&#8221;4.27.4&#8243; header_font=&#8221;|800|||||||&#8221; header_text_align=&#8221;left&#8221; header_font_size=&#8221;50px&#8221; width=&#8221;60%&#8221; width_tablet=&#8221;90%&#8221; width_phone=&#8221;90%&#8221; width_last_edited=&#8221;on|phone&#8221; header_font_size_tablet=&#8221;&#8221; header_font_size_phone=&#8221;30px&#8221; header_font_size_last_edited=&#8221;on|phone&#8221; border_width_bottom=&#8221;4px&#8221; border_color_bottom=&#8221;#e02b20&#8243; global_colors_info=&#8221;{}&#8221;]<\/p>\n<div class=\"entry-content clear\" itemprop=\"text\">\n<h1><span lang=\"EN-US\">\u010carolija roditelja 2<\/span><\/h1>\n<\/div>\n<p>[\/et_pb_text][et_pb_text _builder_version=&#8221;4.27.4&#8243; text_font=&#8221;||||||||&#8221; text_font_size=&#8221;16px&#8221; text_line_height=&#8221;1.8em&#8221; width=&#8221;100%&#8221; width_tablet=&#8221;90%&#8221; width_phone=&#8221;90%&#8221; width_last_edited=&#8221;on|phone&#8221; global_colors_info=&#8221;{}&#8221;]<\/p>\n<p><strong>\u010cAROLIJA RODITELJA II \u2013 Savjetovali\u0161te IZVOR<\/strong><\/p>\n<p><strong>NAZIV PROJEKTA:<br \/><\/strong>Poziv za prijavu projekata udruga usmjerenih podr\u0161ci roditeljstvu za 2024. godinu<\/p>\n<p><strong>NAZIV PROGRAMA:<br \/><\/strong>\u201c\u010cAROLIJA RODITELJA \u2013 Savjetovali\u0161te IZVOR\u201d<\/p>\n<p><strong>NAZIV PRIORITETNOG PODRU\u010cJA:<br \/><\/strong>P3 Poticanje o\u010deva na ve\u0107u uklju\u010denost u obiteljskom \u017eivotu i aktivniju roditeljsku ulogu<\/p>\n<p>&nbsp;<\/p>\n<p><strong>NOSITELJ PROJEKTA:<\/strong><br \/>Hrvatski Crveni kri\u017e Gradsko dru\u0161tvo Crvenog kri\u017ea Delnice<\/p>\n<p><strong>PERIOD PROVEDBE PROJEKTA: <\/strong>od 01.12.2024. do 31.07.2025.<\/p>\n<p><strong>UPRAVLJA\u010cKO TIJELO (UT): <\/strong>SREDI\u0160NJI DR\u017dAVNI URED ZA DEMOGRAFIJU I MLADE<\/p>\n<p><strong>FINANCIRANJE:<\/strong><br \/>Bespovratna sredstva 100%,<\/p>\n<p><strong>VRIJEDNOST PROJEKTA:<\/strong>\u00a0 9.137,48 \u20ac<\/p>\n<p><strong>PROJEKTNI PARTNERI:<\/strong><\/p>\n<ul>\n<li>Hrvatski zavod za socijalni rad \u2013 Podru\u010dni ured Rijeka <span><\/span><\/li>\n<li>Osnovna \u0161kola Brod Moravice, Brod Moravice<\/li>\n<li>Osnovna \u0161kola Dr. Branimira Markovi\u0107a, Ravna Gora<\/li>\n<li>Dje\u010dji vrti\u0107 \u201eSnje\u0161ko\u201c, Ravna Gora<\/li>\n<li>Dje\u010dji vrti\u0107 \u201eSnje\u017ena pahulja\u201c, Fu\u017eine<\/li>\n<\/ul>\n<p><strong>ULOGA PARTNERA: <\/strong>Partneri \u0107e osigurati prostor i organizirati roditeljski sastanak na kojemu je jedna od to\u010daka radionica \u201e\u010carolija roditelja II\u201c. Zajedni\u010dkim dogovorom definirati \u0107emo vrijeme provo\u0111enja aktivnosti. Obavje\u0161tavanje, informiranje i upu\u0107ivanje korisnika\/roditelja koji imaju potrebe podr\u0161ke u odgoju djece u Savjetovali\u0161tu IZVOR koji pru\u017ea besplatne usluge savjetovanja i podr\u0161ke.<\/p>\n<p><strong>SURADNICI: <\/strong><\/p>\n<ul>\n<li>Odsjek za pedagogiju &#8211; Filozofski Fakultet u Rijeci s kojima se planira provesti pilot projekt \u2013 Edukacija studenata. Izobrazba 15 studenata, kroz 7 radionica, koji bi stekli znanja i kompetencije za rad u odgojno \u2013 obrazovnim ustanovama, rad s djecom i roditeljima.<\/li>\n<\/ul>\n<p><strong>CILJEVI PROJEKTA:<\/strong><\/p>\n<p>Op\u0107i cilj provedbe programa je pru\u017eanje aktivne podr\u0161ke obitelji usmjerenih promicanju ravnopravnog roditeljstva. Provedbom aktivnosti predlo\u017eenog projekta imaju za cilj\u00a0 promoviranje aktivne uloge o\u010deva u ranom razvoju djeteta te postizanje vi\u0161eg stupnja rodne ravnopravnosti unutar obitelji, na podru\u010dju 3 op\u0107ina Gorskog kotara.<\/p>\n<p>koja \u0107e se osigurati putem edukativnih radionica, individualnim savjetovanjem i pomaganjem, psihoterapijom tijekom provedbe programa \u201c\u010carolija roditelja II\u201c. Aktivna podr\u0161ka pru\u017eiti \u0107e se roditeljima, obiteljima iz 3 jedinica lokalnih samouprava\u00a0 Gorskog kotara. Pru\u017eiti \u0107e se i druge pomo\u0107i u djelokrugu rada savjetovali\u0161ta IZVO R i Gradskog dru\u0161tva Crvenog kri\u017ea Delnice.<\/p>\n<p>Projektom \u201e\u010carolija roditelja II\u201c obuhva\u0107eno je prioritetno podru\u010dje P.3. Poticanje o\u010deva na ve\u0107u uklju\u010denost u obiteljskom \u017eivotu i aktivniju roditeljsku ulogu. Va\u017enost anga\u017eiranosti o\u010deva u odgoju djece i ravnopravne partnerske podjele obiteljskih obveza postaju vrijednosti prepoznate u Gorskom kotaru.<\/p>\n<p>Aktivnija uklju\u010denost o\u010deva u odgoj djece i ravnopravna podjela obiteljskih obveza pozitivno utje\u010de na partnerske odnose, zadovoljavanje potreba \u017eena da se profesionalno afirmiraju i pri tome imaju podr\u0161ku partnera koje preuzimaju dio roditeljskih obveza. Djeca koja odrastaju u obiteljima s ravnopravnom podjelom obiteljskih obaveza, preuzimaju vrijednosti koje \u0107e prenjeti u svoje budu\u0107e obitelji. Zato je posebno va\u017eno poticati provedbu aktivnosti koje \u0107e imati za cilj promoviranje aktivne uloge o\u010deva u ranom razvoju djeteta te postizanje vi\u0161eg stupnja rodne ravnopravnosti unutar obitelji.<\/p>\n<p>Pru\u017eiti aktivnu podr\u0161ku roditeljima i pridonijeti uskla\u0111enju obiteljskog i profesionalnog \u017eivota. Pru\u017eiti podr\u0161ku roditeljima u ostvarivanju njihove roditeljske uloge i omogu\u0107iti emocionalno osna\u017eivanje obitelji.<\/p>\n<ul>\n<li>edukativna izobrazba roditelja o odgoju i obrazovanju djece,<\/li>\n<li>aktivna uloga oba roditelja i njihov doprinos u razvoju djeteta,<\/li>\n<li>pru\u017eanje aktivne podr\u0161ke obitelji usmjerenih promicanju ravnopravnog roditeljstva<\/li>\n<li>promoviranje aktivne uloge o\u010deva u ranom razvoju djeteta<\/li>\n<li>podizanje znanja i svijesti gra\u0111ana o pravima obitelji i ulogama oba roditelja u odgoju djece,<\/li>\n<li>osna\u017eivanje roditeljskih uloga i pru\u017eanje podr\u0161ke obiteljima u prevladavanju svih oblika pote\u0161ko\u0107a i \u017eivotnih situacija.<\/li>\n<\/ul>\n<p><strong>Ciljane skupine<\/strong> ovog projekta\/programa su i korisnici<\/p>\n<ul>\n<li>roditelji pred\u0161kolske i mla\u0111e \u0161kolske dobi,<\/li>\n<li>roditelji korisnici usluga savjetovanja i pomaganja Savjetovali\u0161ta IZVOR:<\/li>\n<li>roditelji koji imaju podijeljenju tradicionalnu ulogu o\u010deva i majki,<\/li>\n<li>roditelji koji imaju pote\u0161ko\u0107a u partnerskim odnosima ,<\/li>\n<li>o\u010devi<\/li>\n<li>studenti Odsjka za pedagogiju Filozofskog fakulteta u Rijeci<\/li>\n<\/ul>\n<p><strong>Provoditelji\/ nositelji<\/strong> provedbe projekta:<\/p>\n<ul>\n<li>Volonteri GDCK Delnice Savjetovali\u0161ta IZVOR<\/li>\n<li>Tanja Jakovac,<\/li>\n<li>Ksenija Petelin<\/li>\n<li>Snje\u017eana Krizmani\u0107<\/li>\n<\/ul>\n<p><strong>PLANIRANE AKTIVNOSTI:<\/strong><\/p>\n<ul>\n<li>Savjetodavni i psihoterapijski rad tijekom provedbe projekta<\/li>\n<li>10 radionica s roditeljima<\/li>\n<li>2 radio \u2013 emisije\n<ul>\n<li>\u010carolija roditelja: predstavljanje projekta I teme<\/li>\n<\/ul>\n<\/li>\n<\/ul>\n<p>Informiranje javnosti o va\u017enosti promicanja topline u obitelji, autoriteta, jasnost obiteljskih poruka, , napredovanje djeteta u obitelji, aktivnosti u obitelji. Ja\u010danje uloga o\u010deva I njihovo \u0161to ranije uklju\u010divanje u razvoj djece.<\/p>\n<ul>\n<li>Informiranje javnosti o potrebama djeteta \u2013 emocije: da \u010duju, uvijek su tu , dodiruju, emocionalni, smiju se, nenametljivi, intuitivni<\/li>\n<li>Edukacija studenata u\u010diteljskog i filozofskog fakulteta u Rijeci<\/li>\n<li>Promotivne aktivnosti I dijeljenje edukativno \u2013 promid\u017ebenih materijala<\/li>\n<li>Edukacija Izvoditelja aktivnosti<\/li>\n<\/ul>\n<p>[\/et_pb_text][et_pb_text _builder_version=&#8221;4.27.4&#8243; _module_preset=&#8221;default&#8221; global_colors_info=&#8221;{}&#8221;]<\/p>\n<blockquote class=\"wp-embedded-content\" data-secret=\"mrZsRv7vO1\"><p><a href=\"https:\/\/rgk.hr\/u-prostorijama-gdck-a-delnice-odrzana-je-konferencija-za-medije-na-kojoj-je-predstavljen-projekt-carolija-roditelja-ii-savjetovaliste-izvor\/\">U prostorijama GDCK-a Delnice odr\u017eana je konferencija za medije na kojoj je predstavljen projekt &#8221; \u010carolija roditelja II \u2013 Savjetovali\u0161te IZVOR&#8221;<\/a><\/p><\/blockquote>\n<p><iframe class=\"wp-embedded-content lazyload\" sandbox=\"allow-scripts\" security=\"restricted\" style=\"position: absolute; visibility: hidden;\" title=\"&#8220;U prostorijama GDCK-a Delnice odr\u017eana je konferencija za medije na kojoj je predstavljen projekt &#8221; \u010carolija roditelja II \u2013 Savjetovali\u0161te IZVOR&#8221;&#8221; &#8212; Radio Gorski kotar\" data-src=\"https:\/\/rgk.hr\/u-prostorijama-gdck-a-delnice-odrzana-je-konferencija-za-medije-na-kojoj-je-predstavljen-projekt-carolija-roditelja-ii-savjetovaliste-izvor\/embed\/#?secret=cwgrw3NqHy#?secret=mrZsRv7vO1\" data-secret=\"mrZsRv7vO1\" width=\"600\" height=\"338\" frameborder=\"0\" marginwidth=\"0\" marginheight=\"0\" scrolling=\"no\" src=\"data:image\/svg+xml;base64,PHN2ZyB3aWR0aD0iMSIgaGVpZ2h0PSIxIiB4bWxucz0iaHR0cDovL3d3dy53My5vcmcvMjAwMC9zdmciPjwvc3ZnPg==\" data-load-mode=\"1\"><\/iframe><\/p>\n<p>[\/et_pb_text][et_pb_image src=&#8221;https:\/\/crveni-kriz-delnice.hr\/wp-content\/uploads\/2025\/05\/20250529_134226.jpg&#8221; title_text=&#8221;20250529_134226&#8243; _builder_version=&#8221;4.27.4&#8243; _module_preset=&#8221;default&#8221; width=&#8221;40%&#8221; global_colors_info=&#8221;{}&#8221;][\/et_pb_image][\/et_pb_column][\/et_pb_row][\/et_pb_section][et_pb_section fb_built=&#8221;1&#8243; _builder_version=&#8221;4.16&#8243; background_color=&#8221;#222222&#8243; custom_padding=&#8221;6px|||||&#8221; locked=&#8221;off&#8221; global_colors_info=&#8221;{}&#8221;][et_pb_row column_structure=&#8221;1_3,1_3,1_3&#8243; _builder_version=&#8221;4.16&#8243; width=&#8221;90%&#8221; custom_margin=&#8221;-2px|auto||auto||&#8221; locked=&#8221;off&#8221; global_colors_info=&#8221;{}&#8221;][et_pb_column type=&#8221;1_3&#8243; _builder_version=&#8221;4.16&#8243; custom_padding=&#8221;|||&#8221; global_colors_info=&#8221;{}&#8221; custom_padding__hover=&#8221;|||&#8221;][et_pb_text _builder_version=&#8221;4.18.0&#8243; global_colors_info=&#8221;{}&#8221;]<\/p>\n<p><span style=\"color: #cd5c5c;\"><strong><span style=\"color: #cd5c5c;\">GRADSKO DRU\u0160TVO CRVENOG KRI\u017dA DELNICE<\/span><br \/><\/strong><\/span><\/p>\n<p>Ravnatelj\/ica: Snje\u017eana Krizmani\u0107, prof.<br \/>Predsjednik\/ica: <span lang=\"EN-US\">Marina Raukar<\/span><\/p>\n<p>Adresa: \u0160kolska 25<br \/>Grad: Delnice<br \/>Po\u0161tanski broj: 51 300<\/p>\n<p>[\/et_pb_text][\/et_pb_column][et_pb_column type=&#8221;1_3&#8243; _builder_version=&#8221;4.16&#8243; custom_padding=&#8221;|||&#8221; global_colors_info=&#8221;{}&#8221; custom_padding__hover=&#8221;|||&#8221;][et_pb_image src=&#8221;https:\/\/crveni-kriz-delnice.hr\/wp-content\/uploads\/2022\/07\/CK_krug2.png&#8221; align_tablet=&#8221;center&#8221; align_phone=&#8221;center&#8221; align_last_edited=&#8221;on|desktop&#8221; _builder_version=&#8221;4.16&#8243; width=&#8221;50%&#8221; module_alignment=&#8221;center&#8221; custom_padding=&#8221;0px|||||&#8221; global_colors_info=&#8221;{}&#8221;][\/et_pb_image][et_pb_image src=&#8221;https:\/\/crveni-kriz-delnice.hr\/wp-content\/uploads\/2022\/08\/sredis\u030cnji-drz\u030cavni-ured-za-demografiju-mlade-logo.png&#8221; align_tablet=&#8221;center&#8221; align_phone=&#8221;center&#8221; align_last_edited=&#8221;on|desktop&#8221; _builder_version=&#8221;4.16&#8243; global_colors_info=&#8221;{}&#8221;][\/et_pb_image][\/et_pb_column][et_pb_column type=&#8221;1_3&#8243; _builder_version=&#8221;4.16&#8243; custom_padding=&#8221;|||&#8221; global_colors_info=&#8221;{}&#8221; custom_padding__hover=&#8221;|||&#8221;][et_pb_text _builder_version=&#8221;4.16&#8243; global_colors_info=&#8221;{}&#8221;]<\/p>\n<p>Telefon: 051 812 686<br \/> Fax: 051 812 686<\/p>\n<p> E-mail: <a href=\"mailto:hck.delnice@hi.t-com.hr\">hck.delnice@hi.t-com.hr<\/a><\/p>\n<p>Facebook: <a href=\"https:\/\/hr-hr.facebook.com\/ckdelnice\/\">Gradsko dru\u0161tvo Crvenog kri\u017ea Delnice<\/a><\/p>\n<p>[\/et_pb_text][\/et_pb_column][\/et_pb_row][\/et_pb_section]<\/p>\n","protected":false},"excerpt":{"rendered":"<p>\u010carolija roditelja 2 \u010cAROLIJA RODITELJA II \u2013 Savjetovali\u0161te IZVOR NAZIV PROJEKTA:Poziv za prijavu projekata udruga usmjerenih podr\u0161ci roditeljstvu za 2024. godinu NAZIV PROGRAMA:\u201c\u010cAROLIJA RODITELJA \u2013 Savjetovali\u0161te IZVOR\u201d NAZIV PRIORITETNOG PODRU\u010cJA:P3 Poticanje o\u010deva na ve\u0107u uklju\u010denost u obiteljskom \u017eivotu i aktivniju roditeljsku ulogu &nbsp; NOSITELJ PROJEKTA:Hrvatski Crveni kri\u017e Gradsko dru\u0161tvo Crvenog kri\u017ea Delnice PERIOD PROVEDBE PROJEKTA: [&hellip;]<\/p>\n","protected":false},"author":1,"featured_media":0,"parent":0,"menu_order":0,"comment_status":"closed","ping_status":"closed","template":"","meta":{"_et_pb_use_builder":"on","_et_pb_old_content":"","_et_gb_content_width":"","footnotes":""},"class_list":["post-1681","page","type-page","status-publish","hentry"],"_links":{"self":[{"href":"https:\/\/crveni-kriz-delnice.hr\/index.php\/wp-json\/wp\/v2\/pages\/1681","targetHints":{"allow":["GET"]}}],"collection":[{"href":"https:\/\/crveni-kriz-delnice.hr\/index.php\/wp-json\/wp\/v2\/pages"}],"about":[{"href":"https:\/\/crveni-kriz-delnice.hr\/index.php\/wp-json\/wp\/v2\/types\/page"}],"author":[{"embeddable":true,"href":"https:\/\/crveni-kriz-delnice.hr\/index.php\/wp-json\/wp\/v2\/users\/1"}],"replies":[{"embeddable":true,"href":"https:\/\/crveni-kriz-delnice.hr\/index.php\/wp-json\/wp\/v2\/comments?post=1681"}],"version-history":[{"count":6,"href":"https:\/\/crveni-kriz-delnice.hr\/index.php\/wp-json\/wp\/v2\/pages\/1681\/revisions"}],"predecessor-version":[{"id":2234,"href":"https:\/\/crveni-kriz-delnice.hr\/index.php\/wp-json\/wp\/v2\/pages\/1681\/revisions\/2234"}],"wp:attachment":[{"href":"https:\/\/crveni-kriz-delnice.hr\/index.php\/wp-json\/wp\/v2\/media?parent=1681"}],"curies":[{"name":"wp","href":"https:\/\/api.w.org\/{rel}","templated":true}]}}