{"id":154,"date":"2022-07-20T09:37:23","date_gmt":"2022-07-20T09:37:23","guid":{"rendered":"https:\/\/crveni-kriz-delnice.hr\/?page_id=154"},"modified":"2022-08-29T13:10:41","modified_gmt":"2022-08-29T13:10:41","slug":"obrasci","status":"publish","type":"page","link":"https:\/\/crveni-kriz-delnice.hr\/index.php\/dokumenti\/obrasci\/","title":{"rendered":"Obrasci"},"content":{"rendered":"<p>[et_pb_section fb_built=&#8221;1&#8243; _builder_version=&#8221;3.22.7&#8243; background_color=&#8221;#f0eef1&#8243;][et_pb_row _builder_version=&#8221;3.22.7&#8243; width=&#8221;90%&#8221;][et_pb_column type=&#8221;4_4&#8243; _builder_version=&#8221;3.22.7&#8243;][et_pb_text _builder_version=&#8221;3.22.7&#8243; border_width_bottom=&#8221;4px&#8221; border_color_bottom=&#8221;#e02b20&#8243;]<\/p>\n<div class=\"entry-content clear\" itemprop=\"text\">\n<h2><strong>Za \u010dlanstvo<br \/><\/strong><\/h2>\n<\/div>\n<p>[\/et_pb_text][et_pb_text _builder_version=&#8221;3.22.7&#8243; text_font=&#8221;||||||||&#8221; text_font_size=&#8221;18px&#8221;]<\/p>\n<ul>\n<li><a href=\"https:\/\/crveni-kriz-delnice.hr\/wp-content\/uploads\/2022\/08\/Pristupnica-u-clanstvo.pdf\" rel=\"attachment wp-att-388\">Pristupnica u \u010dlanstvo (.pdf)<\/a><\/li>\n<\/ul>\n<p>[\/et_pb_text][et_pb_text _builder_version=&#8221;3.22.7&#8243; border_width_bottom=&#8221;4px&#8221; border_color_bottom=&#8221;#e02b20&#8243;]<\/p>\n<div class=\"entry-content clear\" itemprop=\"text\">\n<h2><strong>Volontiranje<\/strong><\/h2>\n<\/div>\n<p>[\/et_pb_text][et_pb_text _builder_version=&#8221;3.22.7&#8243; text_font=&#8221;||||||||&#8221; text_font_size=&#8221;18px&#8221;]<\/p>\n<p><a href=\"http:\/\/www.dck-pgz.hr\/wp-content\/uploads\/2016\/11\/GDCK-DELNICE-STATUT.pdf\"><\/a><\/p>\n<p>[\/et_pb_text][et_pb_text _builder_version=&#8221;3.22.7&#8243; border_width_bottom=&#8221;4px&#8221; border_color_bottom=&#8221;#e02b20&#8243;]<\/p>\n<div class=\"entry-content clear\" itemprop=\"text\">\n<h2><strong>Pravo na pristup informacijama<br \/><\/strong><\/h2>\n<\/div>\n<p>[\/et_pb_text][et_pb_text _builder_version=&#8221;3.22.7&#8243; text_font=&#8221;||||||||&#8221; text_font_size=&#8221;18px&#8221;]<\/p>\n<p>Zahtjev za pravo na pristup informacijama i ponovnu uporabu informacija mo\u017eete podnijeti Gradskom dru\u0161tvu Crvenog kri\u017ea Delnice na:<\/p>\n<p>Slu\u017ebenik za informiranje je <strong>Snje\u017eana Krizmani\u0107, prof.<\/strong> ravnateljica;<\/p>\n<ul>\n<li>putem telefona na broj <a href=\"+38551812686\">+385(0)51 812 686<\/a><\/li>\n<li>putem faxa na broj <a href=\"+38551812686\">+385(0)51 812 686<\/a><\/li>\n<li>putem elektroni\u010dke po\u0161te: <a href=\"mailto:hrvatski.crveni.kriz2@ri.t-com.hr\">hrvatski.crveni.kriz2@ri.t-com.hr<\/a><\/li>\n<li>po\u0161tom ili donijeti osobno na adresu Gradsko dru\u0161tvo Crvenog kri\u017ea Delnice, \u0160kolska 25, 51 300 Delnice.<\/li>\n<\/ul>\n<p>Prilikom podno\u0161enja zahtjeva nije potrebno platiti dodatnu naknadu uz obrazac.<\/p>\n<p>Obrasci:<\/p>\n<div class=\"entry-content\">\n<ul>\n<li><a href=\"http:\/\/www.dck-pgz.hr\/pristup_inf\/NOVI-Obrazac-2-Zahtjev-za-pristup-informacijama.pdf\" target=\"_blank\" rel=\"noopener\">Zahtjev za\u00a0pristup informacijama (.pdf)<\/a><\/li>\n<li><a href=\"http:\/\/www.dck-pgz.hr\/pristup_inf\/NOVI-Obrazac-4-Zahtjev-za-ponovnu-uporabu-informacija.pdf\" target=\"_blank\" rel=\"noopener\">Zahtjev za ponovnu uporabu informacije (.pdf)<\/a><\/li>\n<\/ul>\n<\/div>\n<p>Gradsko dru\u0161tvo\u00a0Crvenog kri\u017ea Delnice\u00a0ima pravo na naknadu stvarnih materijalnih tro\u0161kova koji nastanu pru\u017eanjem informacije korisniku prava na pristup informacijama i ponovnu uporabu informacija, kao i na naknadu tro\u0161kova dostave tra\u017eene informacije, koja se napla\u0107uje sukladno Kriterijima za odre\u0111ivanje visine naknade iz \u010dlanka 19. stavka 2. Zakona o pravu na pristup informacijama (\u201eNarodne novine\u201c,\u00a0broj 25\/13,\u00a085\/15), koji su objavljeni u \u201eNarodnim novinama\u201c,\u00a0broj 12\/14, 15\/14.\u201d<\/p>\n<p>[\/et_pb_text][et_pb_text _builder_version=&#8221;3.22.7&#8243; border_width_bottom=&#8221;4px&#8221; border_color_bottom=&#8221;#e02b20&#8243;]<\/p>\n<div class=\"entry-content clear\" itemprop=\"text\">\n<h2><strong>Donacijski obrazac<br \/> <\/strong><\/h2>\n<\/div>\n<p>[\/et_pb_text][et_pb_text _builder_version=&#8221;3.22.7&#8243; text_font=&#8221;||||||||&#8221; text_font_size=&#8221;18px&#8221;][\/et_pb_text][\/et_pb_column][\/et_pb_row][\/et_pb_section][et_pb_section fb_built=&#8221;1&#8243; _builder_version=&#8221;3.22.7&#8243; background_color=&#8221;#222222&#8243; custom_padding=&#8221;6px|||||&#8221; locked=&#8221;off&#8221;][et_pb_row custom_margin=&#8221;-2px|auto||auto||&#8221; _builder_version=&#8221;3.22.7&#8243; width=&#8221;90%&#8221; locked=&#8221;off&#8221;][et_pb_column type=&#8221;1_3&#8243; _builder_version=&#8221;3.22.7&#8243;][et_pb_text _builder_version=&#8221;3.22.7&#8243;]<\/p>\n<p><span style=\"color: #ff0000;\"><strong><span style=\"color: #ff0000;\">GRADSKO DRU\u0160TVO CRVENOG KRI\u017dA DELNICE<\/span><br \/> <\/strong><\/span><\/p>\n<p>Ravnatelj\/ica: Snje\u017eana Krizmani\u0107, prof.<br \/> Predsjednik\/ica: <span lang=\"EN-US\">Marina Raukar<\/span><\/p>\n<p>Adresa: \u0160kolska 25<br \/> Grad: Delnice<br \/> Po\u0161tanski broj: 51 300<\/p>\n<p>[\/et_pb_text][\/et_pb_column][et_pb_column type=&#8221;1_3&#8243; _builder_version=&#8221;3.22.7&#8243;][et_pb_image src=&#8221;https:\/\/crveni-kriz-delnice.hr\/wp-content\/uploads\/2022\/07\/CK_krug2.png&#8221; _builder_version=&#8221;3.22.7&#8243; width=&#8221;50%&#8221; module_alignment=&#8221;center&#8221; custom_padding=&#8221;0px|||||&#8221;][\/et_pb_image][et_pb_image src=&#8221;https:\/\/crveni-kriz-delnice.hr\/wp-content\/uploads\/2022\/08\/sredis\u030cnji-drz\u030cavni-ured-za-demografiju-mlade-logo.png&#8221; _builder_version=&#8221;3.22.7&#8243;][\/et_pb_image][\/et_pb_column][et_pb_column type=&#8221;1_3&#8243; _builder_version=&#8221;3.22.7&#8243;][et_pb_text _builder_version=&#8221;3.22.7&#8243;]<\/p>\n<p>Telefon: 051 812 686<br \/> Fax: 051 812 686<\/p>\n<p> E-mail: <a href=\"mailto:hck.delnice@hi.t-com.hr\">hck.delnice@hi.t-com.hr<\/a><\/p>\n<p>Facebook: <a href=\"https:\/\/hr-hr.facebook.com\/ckdelnice\/\">Gradsko dru\u0161tvo Crvenog kri\u017ea Delnice<\/a><\/p>\n<p>[\/et_pb_text][\/et_pb_column][\/et_pb_row][\/et_pb_section]<\/p>\n","protected":false},"excerpt":{"rendered":"<p>Za \u010dlanstvo Pristupnica u \u010dlanstvo (.pdf) Volontiranje Pravo na pristup informacijama Zahtjev za pravo na pristup informacijama i ponovnu uporabu informacija mo\u017eete podnijeti Gradskom dru\u0161tvu Crvenog kri\u017ea Delnice na: Slu\u017ebenik za informiranje je Snje\u017eana Krizmani\u0107, prof. ravnateljica; putem telefona na broj +385(0)51 812 686 putem faxa na broj +385(0)51 812 686 putem elektroni\u010dke po\u0161te: hrvatski.crveni.kriz2@ri.t-com.hr [&hellip;]<\/p>\n","protected":false},"author":1,"featured_media":0,"parent":21,"menu_order":0,"comment_status":"closed","ping_status":"closed","template":"","meta":{"_et_pb_use_builder":"on","_et_pb_old_content":"","_et_gb_content_width":"","footnotes":""},"class_list":["post-154","page","type-page","status-publish","hentry"],"_links":{"self":[{"href":"https:\/\/crveni-kriz-delnice.hr\/index.php\/wp-json\/wp\/v2\/pages\/154","targetHints":{"allow":["GET"]}}],"collection":[{"href":"https:\/\/crveni-kriz-delnice.hr\/index.php\/wp-json\/wp\/v2\/pages"}],"about":[{"href":"https:\/\/crveni-kriz-delnice.hr\/index.php\/wp-json\/wp\/v2\/types\/page"}],"author":[{"embeddable":true,"href":"https:\/\/crveni-kriz-delnice.hr\/index.php\/wp-json\/wp\/v2\/users\/1"}],"replies":[{"embeddable":true,"href":"https:\/\/crveni-kriz-delnice.hr\/index.php\/wp-json\/wp\/v2\/comments?post=154"}],"version-history":[{"count":12,"href":"https:\/\/crveni-kriz-delnice.hr\/index.php\/wp-json\/wp\/v2\/pages\/154\/revisions"}],"predecessor-version":[{"id":465,"href":"https:\/\/crveni-kriz-delnice.hr\/index.php\/wp-json\/wp\/v2\/pages\/154\/revisions\/465"}],"up":[{"embeddable":true,"href":"https:\/\/crveni-kriz-delnice.hr\/index.php\/wp-json\/wp\/v2\/pages\/21"}],"wp:attachment":[{"href":"https:\/\/crveni-kriz-delnice.hr\/index.php\/wp-json\/wp\/v2\/media?parent=154"}],"curies":[{"name":"wp","href":"https:\/\/api.w.org\/{rel}","templated":true}]}}