{"id":14,"date":"2022-07-15T08:12:56","date_gmt":"2022-07-15T08:12:56","guid":{"rendered":"https:\/\/crveni-kriz-delnice.hr\/?page_id=14"},"modified":"2022-08-29T13:08:44","modified_gmt":"2022-08-29T13:08:44","slug":"o-nama","status":"publish","type":"page","link":"https:\/\/crveni-kriz-delnice.hr\/index.php\/o-nama\/","title":{"rendered":"O nama"},"content":{"rendered":"<p>[et_pb_section fb_built=&#8221;1&#8243; next_background_color=&#8221;#f0eef1&#8243; _builder_version=&#8221;3.22.7&#8243; background_color=&#8221;rgba(0,0,0,0.19)&#8221; background_image=&#8221;https:\/\/crveni-kriz-delnice.hr\/wp-content\/uploads\/2022\/07\/637A9159-1.jpg&#8221; height=&#8221;750px&#8221; bottom_divider_style=&#8221;mountains2&#8243;][\/et_pb_section][et_pb_section fb_built=&#8221;1&#8243; _builder_version=&#8221;3.22.7&#8243; background_color=&#8221;#f0eef1&#8243; custom_padding=&#8221;||9px|||&#8221;][et_pb_row _builder_version=&#8221;3.22.7&#8243; width=&#8221;90%&#8221;][et_pb_column type=&#8221;4_4&#8243; _builder_version=&#8221;3.22.7&#8243;][et_pb_text _builder_version=&#8221;3.22.7&#8243; header_font=&#8221;|800|||||||&#8221; header_text_color=&#8221;#000000&#8243; header_font_size=&#8221;40px&#8221; header_font_size_last_edited=&#8221;on|phone&#8221; border_width_bottom=&#8221;5px&#8221; border_color_bottom=&#8221;#e02b20&#8243; width=&#8221;40%&#8221; width_tablet=&#8221;90%&#8221; width_phone=&#8221;90%&#8221; width_last_edited=&#8221;on|tablet&#8221;]<\/p>\n<h1>POVIJEST<\/h1>\n<p>[\/et_pb_text][\/et_pb_column][\/et_pb_row][et_pb_row _builder_version=&#8221;3.22.7&#8243; width=&#8221;90%&#8221;][et_pb_column type=&#8221;4_4&#8243; _builder_version=&#8221;3.22.7&#8243;][et_pb_text _builder_version=&#8221;3.22.7&#8243; text_font=&#8221;||||||||&#8221; text_font_size=&#8221;16px&#8221;]<\/p>\n<p>Gradsko dru\u0161tvo Crvenog kri\u017ea Delnice (GDCK Delnice) osnovano je 23. studenog 1983. godine u Delnicama, a upisano u Mati\u010dni registar udruga 04. kolovoza 2009. godine. Djeluje na podru\u010dju Grada Delnica te op\u0107ina: Lokve, Fu\u017eine, Mrkopalj, Ravna Gora, Brod Moravice i Skrad u savezu Zajednica Crvenog kri\u017ea Primorsko \u2013 goranske \u017eupanije kao neovisna, nevladina organizacija na osnovi Zakona o Hrvatskom Crvenom kri\u017eu (NN br. 71\/2010) te Statuta Hrvatskog Crvenog kri\u017ea i Statuta GDCK Delnice.<\/p>\n<p>[\/et_pb_text][et_pb_text _builder_version=&#8221;3.22.7&#8243; header_font=&#8221;|800|||||||&#8221; header_text_color=&#8221;#000000&#8243; header_font_size=&#8221;40px&#8221; border_width_bottom=&#8221;5px&#8221; border_color_bottom=&#8221;#e02b20&#8243; width_last_edited=&#8221;on|desktop&#8221; max_width=&#8221;50%&#8221; max_width_tablet=&#8221;90%&#8221; max_width_phone=&#8221;90%&#8221; max_width_last_edited=&#8221;on|phone&#8221;]<\/p>\n<h1>UNUTARNJI USTROJ<\/h1>\n<p>[\/et_pb_text][et_pb_text _builder_version=&#8221;3.22.7&#8243; text_font=&#8221;||||||||&#8221; text_font_size=&#8221;16px&#8221;]<\/p>\n<p>GDCK Delnice ima pravnu osobnost i jedan je od ustrojstvenih oblika Hrvatskog Crvenog kri\u017ea. Tijela GDCK Delnice su: skup\u0161tina, predsjednik\/ca i potpredsjednici\/e, odbor, nadzorni odbor i ravnatelj\/ica. Djelokrug rada navedenih tijela utvr\u0111uje se Statutom.<\/p>\n<p>GDCK Delnice ima mjesna dru\u0161tva Crvenog kri\u017ea bez pravne osobnosti i to: Delnice, Brod na Kupi, Crni Lug, Lokve, Fu\u017eine, Vrata, Li\u010d, Mrkopalj, Ravna Gora, Brod Moravice, Skrad, Kupjak.<\/p>\n<p>&#8211;<\/p>\n<p><strong>Skup\u0161tina<\/strong> najvi\u0161e je tijelo upravljanja i odlu\u010divanja \u010diji rad se odvija na sjednicama i u kojem sudjeluju \u010dlanovi putem izabranih predstavnika-zastupnika. Svaki zastupnik ima jedan glas.<\/p>\n<p>Skup\u0161tina broji 25 zastupnika koju \u010dine \u010dlanovi svakog mjesnog dru\u0161tva Crvenog kri\u017ea Delnice, dobrovoljni darivatelji krvi te zastupnici drugih ustrojstvenih oblika.<\/p>\n<p>Mandat \u010dlanova Skup\u0161tine traje \u010detiri godine s mogu\u0107no\u0161\u0107u ponovnoga izbora.<\/p>\n<p>Skup\u0161tina ima predsjednika i dva potpredsjednika.<\/p>\n<p>Predsjednica: <span lang=\"EN-US\">Marina Raukar<\/span><\/p>\n<p>Potpredsjednici: <span lang=\"EN-US\">Karlica Kruli\u0107 i Marina Mili\u010devi\u0107<\/span><\/p>\n<p>&#8211;<\/p>\n<p><strong>Izvr\u0161na tijela GDCK Delnice: Odbor i ravnatelj.<\/strong><\/p>\n<p>Odbor je izvr\u0161no tijelo Skup\u0161tine odgovorno za rad izme\u0111u sjednica Skup\u0161tine, koje rje\u0161ava sva pitanja u tijeku poslovne godine u skladu s odlukama, zaklju\u010dcima i preporukama Skup\u0161tine.<\/p>\n<p>\u010clanove Odbora bira Skup\u0161tina na konstituiraju\u0107oj sjednici iz redova zastupnika Skup\u0161tine na mandatno razdoblje od \u010detiri godine.<\/p>\n<p>Ravnatelj GDCK Delnice je poslovodni organ koji obna\u0161a funkciju u pravilu profesionalno, na mandatno razdoblje od \u010detiri godine. Ovla\u0161teni je predstavnik dru\u0161tva u odnosu na tre\u0107e strane i pred sudom i za svoj rad odgovara Odboru i Skup\u0161tini i Glavnom odboru Hrvatskog Crvenog kri\u017ea.<\/p>\n<p>Ravnatelj: Snje\u017eana Krizmani\u0107, prof.<\/p>\n<p>&#8211;<\/p>\n<p><strong>Nadzorni odbor GDCK Delnice<\/strong> je tijelo koje nadzire financijsko \u2013 materijalno poslovanje dru\u0161tva. \u010clanove Nadzornog odbora bira Skup\u0161tina na konstituiraju\u0107oj sjednici iz redova zastupnika Skup\u0161tine na mandatno razdoblje od \u010detiri godine.<\/p>\n<p>Nadzorni odbor sastoji se od 3 \u010dlana.<\/p>\n<p>[\/et_pb_text][\/et_pb_column][\/et_pb_row][\/et_pb_section][et_pb_section fb_built=&#8221;1&#8243; _builder_version=&#8221;3.22.7&#8243; background_color=&#8221;#222222&#8243; custom_padding=&#8221;6px|||||&#8221; locked=&#8221;off&#8221;][et_pb_row custom_margin=&#8221;-2px|auto||auto||&#8221; _builder_version=&#8221;3.22.7&#8243; width=&#8221;90%&#8221;][et_pb_column type=&#8221;1_3&#8243; _builder_version=&#8221;3.22.7&#8243;][et_pb_text _builder_version=&#8221;3.22.7&#8243;]<\/p>\n<p><span style=\"color: #ff0000;\"><strong><span style=\"color: #ff0000;\">GRADSKO DRU\u0160TVO CRVENOG KRI\u017dA DELNICE<\/span><br \/> <\/strong><\/span><\/p>\n<p>Ravnatelj\/ica: Snje\u017eana Krizmani\u0107, prof.<br \/> Predsjednik\/ica: <span lang=\"EN-US\">Marina Raukar<\/span><\/p>\n<p>Adresa: \u0160kolska 25<br \/> Grad: Delnice<br \/> Po\u0161tanski broj: 51 300<\/p>\n<p>[\/et_pb_text][\/et_pb_column][et_pb_column type=&#8221;1_3&#8243; _builder_version=&#8221;3.22.7&#8243;][et_pb_image src=&#8221;https:\/\/crveni-kriz-delnice.hr\/wp-content\/uploads\/2022\/07\/CK_krug2.png&#8221; _builder_version=&#8221;3.22.7&#8243; width=&#8221;50%&#8221; module_alignment=&#8221;center&#8221; custom_padding=&#8221;0px|||||&#8221;][\/et_pb_image][et_pb_image src=&#8221;https:\/\/crveni-kriz-delnice.hr\/wp-content\/uploads\/2022\/08\/sredis\u030cnji-drz\u030cavni-ured-za-demografiju-mlade-logo.png&#8221; _builder_version=&#8221;3.22.7&#8243;][\/et_pb_image][\/et_pb_column][et_pb_column type=&#8221;1_3&#8243; _builder_version=&#8221;3.22.7&#8243;][et_pb_text _builder_version=&#8221;3.22.7&#8243;]<\/p>\n<p>Telefon: 051 812 686<br \/> Fax: 051 812 686<\/p>\n<p> E-mail: <a href=\"mailto:hck.delnice@hi.t-com.hr\">hck.delnice@hi.t-com.hr<\/a><\/p>\n<p>Facebook: <a href=\"https:\/\/hr-hr.facebook.com\/ckdelnice\/\">Gradsko dru\u0161tvo Crvenog kri\u017ea Delnice<\/a><\/p>\n<p>[\/et_pb_text][\/et_pb_column][\/et_pb_row][\/et_pb_section]<\/p>\n","protected":false},"excerpt":{"rendered":"<p>POVIJESTGradsko dru\u0161tvo Crvenog kri\u017ea Delnice (GDCK Delnice) osnovano je 23. studenog 1983. godine u Delnicama, a upisano u Mati\u010dni registar udruga 04. kolovoza 2009. godine. Djeluje na podru\u010dju Grada Delnica te op\u0107ina: Lokve, Fu\u017eine, Mrkopalj, Ravna Gora, Brod Moravice i Skrad u savezu Zajednica Crvenog kri\u017ea Primorsko \u2013 goranske \u017eupanije kao neovisna, nevladina organizacija na [&hellip;]<\/p>\n","protected":false},"author":1,"featured_media":0,"parent":0,"menu_order":0,"comment_status":"closed","ping_status":"closed","template":"","meta":{"_et_pb_use_builder":"on","_et_pb_old_content":"","_et_gb_content_width":"","footnotes":""},"class_list":["post-14","page","type-page","status-publish","hentry"],"_links":{"self":[{"href":"https:\/\/crveni-kriz-delnice.hr\/index.php\/wp-json\/wp\/v2\/pages\/14","targetHints":{"allow":["GET"]}}],"collection":[{"href":"https:\/\/crveni-kriz-delnice.hr\/index.php\/wp-json\/wp\/v2\/pages"}],"about":[{"href":"https:\/\/crveni-kriz-delnice.hr\/index.php\/wp-json\/wp\/v2\/types\/page"}],"author":[{"embeddable":true,"href":"https:\/\/crveni-kriz-delnice.hr\/index.php\/wp-json\/wp\/v2\/users\/1"}],"replies":[{"embeddable":true,"href":"https:\/\/crveni-kriz-delnice.hr\/index.php\/wp-json\/wp\/v2\/comments?post=14"}],"version-history":[{"count":27,"href":"https:\/\/crveni-kriz-delnice.hr\/index.php\/wp-json\/wp\/v2\/pages\/14\/revisions"}],"predecessor-version":[{"id":461,"href":"https:\/\/crveni-kriz-delnice.hr\/index.php\/wp-json\/wp\/v2\/pages\/14\/revisions\/461"}],"wp:attachment":[{"href":"https:\/\/crveni-kriz-delnice.hr\/index.php\/wp-json\/wp\/v2\/media?parent=14"}],"curies":[{"name":"wp","href":"https:\/\/api.w.org\/{rel}","templated":true}]}}