{"id":122,"date":"2022-07-18T12:42:40","date_gmt":"2022-07-18T12:42:40","guid":{"rendered":"https:\/\/crveni-kriz-delnice.hr\/?page_id=122"},"modified":"2022-08-29T13:12:03","modified_gmt":"2022-08-29T13:12:03","slug":"savjetovaliste-izvor","status":"publish","type":"page","link":"https:\/\/crveni-kriz-delnice.hr\/index.php\/savjetovaliste-izvor\/","title":{"rendered":"Savjetovali\u0161te IZVOR"},"content":{"rendered":"<p>[et_pb_section fb_built=&#8221;1&#8243; disabled_on=&#8221;off|off|off&#8221; _builder_version=&#8221;3.22.7&#8243; background_image=&#8221;https:\/\/crveni-kriz-delnice.hr\/wp-content\/uploads\/2022\/08\/izvor_backgr.jpg&#8221; custom_padding=&#8221;0px|||||&#8221;][et_pb_row _builder_version=&#8221;3.22.7&#8243; width=&#8221;90%&#8221;][et_pb_column type=&#8221;4_4&#8243; _builder_version=&#8221;3.22.7&#8243;][et_pb_text _builder_version=&#8221;3.22.7&#8243; header_font=&#8221;|800|||||||&#8221; header_text_align=&#8221;left&#8221; header_font_size=&#8221;60px&#8221; header_font_size_phone=&#8221;30px&#8221; header_font_size_last_edited=&#8221;on|phone&#8221; border_width_bottom=&#8221;4px&#8221; border_color_bottom=&#8221;#e02b20&#8243; width=&#8221;60%&#8221; width_tablet=&#8221;90%&#8221; width_phone=&#8221;90%&#8221; width_last_edited=&#8221;on|tablet&#8221;]<\/p>\n<div class=\"entry-content clear\" itemprop=\"text\">\n<h1><strong>SAVJETOVALI\u0160TE<br \/> IZVOR<\/strong><\/h1>\n<\/div>\n<p>[\/et_pb_text][et_pb_text _builder_version=&#8221;3.22.7&#8243; text_font=&#8221;||||||||&#8221; text_font_size=&#8221;18px&#8221; text_font_size_last_edited=&#8221;on|phone&#8221; text_line_height=&#8221;1.8em&#8221; width=&#8221;60%&#8221; width_tablet=&#8221;90%&#8221; width_phone=&#8221;90%&#8221; width_last_edited=&#8221;on|tablet&#8221; custom_margin=&#8221;|-36px||||&#8221;]<\/p>\n<p>Savjetovali\u0161te Gradskog dru\u0161tva Crvenog kri\u017ea Delnice \u201cIzvor\u201d okuplja stru\u010dnjake razli\u010ditih profila (pedagoge, pshihologe, psihoterapeute), koje spaja interes za psihopterapiju i usmjerenost k pomaganju ljudima. Poma\u017eemo Vam u tome da otkrijete vlastitu \u017eivotnu pri\u010du, osna\u017eite osobne kapacitete, kako biste se bolje osje\u0107ali i nosili sa \u017eivotnim okolnostima u kojima se nalazite.<\/p>\n<p><strong>\u00a0Za vas organiziramo:<\/strong><\/p>\n<ul>\n<li>Individualnu i grupnu psihoterapiju za odrasle<\/li>\n<li>Individualnu i grupnu psihoterapiju za djecu<\/li>\n<li>Individualno savjetovanje<\/li>\n<li>Rad s parovima<\/li>\n<li>Programe za roditelje<\/li>\n<li>Programe za djecu i mlade<\/li>\n<\/ul>\n<p><strong>Mo\u017eete nam se obratiti zbog:<\/strong><\/p>\n<ul>\n<li>Roditeljskih dilema u dogoju djece<\/li>\n<li>\u0160kolskog neuspjeha<\/li>\n<li>Nezadovoljstva u partnerskim odnosima<\/li>\n<li>Poti\u0161tenosti, manjka motivacije i osje\u0107aja bespomo\u0107nosti,<\/li>\n<li>Nezadovoljstva na poslu<\/li>\n<li>Problema ovisnosti<\/li>\n<li>I svega onog \u0161to vam ote\u017eava svakodnevno djelovanje<\/li>\n<\/ul>\n<p><strong>Kontakt:<\/strong><\/p>\n<p>Savjetovali\u0161te &#8220;Izvor&#8221;<br \/> \u0160kolska 25, Delnice, 1. Kat095 523 4752<\/p>\n<p>e-mail: <a href=\"mailto:Savjetovaliste.delnice@gmail.com\">savjetovaliste.delnice@gmail.com<\/a><\/p>\n<p>radno vrijeme:<br \/> \u010cetvrtkom 16:00 &#8211; 19:00 sati,<br \/> ostale dane u popodnevnim satima po dogovoru<\/p>\n<p>[\/et_pb_text][\/et_pb_column][\/et_pb_row][\/et_pb_section][et_pb_section fb_built=&#8221;1&#8243; _builder_version=&#8221;3.22.7&#8243; background_color=&#8221;#222222&#8243; custom_padding=&#8221;6px|||||&#8221; locked=&#8221;off&#8221;][et_pb_row custom_margin=&#8221;-2px|auto||auto||&#8221; _builder_version=&#8221;3.22.7&#8243; width=&#8221;90%&#8221; locked=&#8221;off&#8221;][et_pb_column type=&#8221;1_3&#8243; _builder_version=&#8221;3.22.7&#8243;][et_pb_text _builder_version=&#8221;3.22.7&#8243;]<\/p>\n<p><span style=\"color: #ff0000;\"><strong><span style=\"color: #ff0000;\">GRADSKO DRU\u0160TVO CRVENOG KRI\u017dA DELNICE<\/span><br \/> <\/strong><\/span><\/p>\n<p>Ravnatelj\/ica: Snje\u017eana Krizmani\u0107, prof.<br \/> Predsjednik\/ica: <span lang=\"EN-US\">Marina Raukar<\/span><\/p>\n<p>Adresa: \u0160kolska 25<br \/> Grad: Delnice<br \/> Po\u0161tanski broj: 51 300<\/p>\n<p>[\/et_pb_text][\/et_pb_column][et_pb_column type=&#8221;1_3&#8243; _builder_version=&#8221;3.22.7&#8243;][et_pb_image src=&#8221;https:\/\/crveni-kriz-delnice.hr\/wp-content\/uploads\/2022\/07\/CK_krug2.png&#8221; _builder_version=&#8221;3.22.7&#8243; width=&#8221;50%&#8221; module_alignment=&#8221;center&#8221; custom_padding=&#8221;0px|||||&#8221;][\/et_pb_image][et_pb_image src=&#8221;https:\/\/crveni-kriz-delnice.hr\/wp-content\/uploads\/2022\/08\/sredis\u030cnji-drz\u030cavni-ured-za-demografiju-mlade-logo.png&#8221; _builder_version=&#8221;3.22.7&#8243;][\/et_pb_image][\/et_pb_column][et_pb_column type=&#8221;1_3&#8243; _builder_version=&#8221;3.22.7&#8243;][et_pb_text _builder_version=&#8221;3.22.7&#8243;]<\/p>\n<p>Telefon: 051 812 686<br \/> Fax: 051 812 686<\/p>\n<p> E-mail: <a href=\"mailto:hck.delnice@hi.t-com.hr\">hck.delnice@hi.t-com.hr<\/a><\/p>\n<p>Facebook: <a href=\"https:\/\/hr-hr.facebook.com\/ckdelnice\/\">Gradsko dru\u0161tvo Crvenog kri\u017ea Delnice<\/a><\/p>\n<p>[\/et_pb_text][\/et_pb_column][\/et_pb_row][\/et_pb_section]<\/p>\n","protected":false},"excerpt":{"rendered":"<p>SAVJETOVALI\u0160TE IZVOR Savjetovali\u0161te Gradskog dru\u0161tva Crvenog kri\u017ea Delnice \u201cIzvor\u201d okuplja stru\u010dnjake razli\u010ditih profila (pedagoge, pshihologe, psihoterapeute), koje spaja interes za psihopterapiju i usmjerenost k pomaganju ljudima. Poma\u017eemo Vam u tome da otkrijete vlastitu \u017eivotnu pri\u010du, osna\u017eite osobne kapacitete, kako biste se bolje osje\u0107ali i nosili sa \u017eivotnim okolnostima u kojima se nalazite. \u00a0Za vas organiziramo: [&hellip;]<\/p>\n","protected":false},"author":1,"featured_media":0,"parent":0,"menu_order":0,"comment_status":"closed","ping_status":"closed","template":"","meta":{"_et_pb_use_builder":"on","_et_pb_old_content":"","_et_gb_content_width":"","footnotes":""},"class_list":["post-122","page","type-page","status-publish","hentry"],"_links":{"self":[{"href":"https:\/\/crveni-kriz-delnice.hr\/index.php\/wp-json\/wp\/v2\/pages\/122","targetHints":{"allow":["GET"]}}],"collection":[{"href":"https:\/\/crveni-kriz-delnice.hr\/index.php\/wp-json\/wp\/v2\/pages"}],"about":[{"href":"https:\/\/crveni-kriz-delnice.hr\/index.php\/wp-json\/wp\/v2\/types\/page"}],"author":[{"embeddable":true,"href":"https:\/\/crveni-kriz-delnice.hr\/index.php\/wp-json\/wp\/v2\/users\/1"}],"replies":[{"embeddable":true,"href":"https:\/\/crveni-kriz-delnice.hr\/index.php\/wp-json\/wp\/v2\/comments?post=122"}],"version-history":[{"count":12,"href":"https:\/\/crveni-kriz-delnice.hr\/index.php\/wp-json\/wp\/v2\/pages\/122\/revisions"}],"predecessor-version":[{"id":468,"href":"https:\/\/crveni-kriz-delnice.hr\/index.php\/wp-json\/wp\/v2\/pages\/122\/revisions\/468"}],"wp:attachment":[{"href":"https:\/\/crveni-kriz-delnice.hr\/index.php\/wp-json\/wp\/v2\/media?parent=122"}],"curies":[{"name":"wp","href":"https:\/\/api.w.org\/{rel}","templated":true}]}}