{"id":118,"date":"2022-07-18T12:41:56","date_gmt":"2022-07-18T12:41:56","guid":{"rendered":"https:\/\/crveni-kriz-delnice.hr\/?page_id=118"},"modified":"2022-08-29T13:12:28","modified_gmt":"2022-08-29T13:12:28","slug":"rad-s-mladima","status":"publish","type":"page","link":"https:\/\/crveni-kriz-delnice.hr\/index.php\/rad-s-mladima\/","title":{"rendered":"Rad s mladima"},"content":{"rendered":"<p>[et_pb_section fb_built=&#8221;1&#8243; disabled_on=&#8221;off|off|off&#8221; _builder_version=&#8221;3.22.7&#8243; background_image=&#8221;https:\/\/crveni-kriz-delnice.hr\/wp-content\/uploads\/2022\/07\/pozadina_volonteri.jpg&#8221; custom_padding=&#8221;0px|||||&#8221;][et_pb_row _builder_version=&#8221;3.22.7&#8243; width=&#8221;90%&#8221;][et_pb_column type=&#8221;4_4&#8243; _builder_version=&#8221;3.22.7&#8243;][et_pb_text _builder_version=&#8221;3.22.7&#8243; header_font=&#8221;|800|||||||&#8221; header_text_align=&#8221;left&#8221; header_font_size=&#8221;60px&#8221; header_font_size_phone=&#8221;30px&#8221; header_font_size_last_edited=&#8221;on|phone&#8221; border_width_bottom=&#8221;4px&#8221; border_color_bottom=&#8221;#e02b20&#8243; width=&#8221;60%&#8221; width_tablet=&#8221;90%&#8221; width_phone=&#8221;90%&#8221; width_last_edited=&#8221;on|tablet&#8221;]<\/p>\n<div class=\"entry-content clear\" itemprop=\"text\">\n<h1><strong>RAD S<br \/> MLADIMA<br \/> <\/strong><\/h1>\n<\/div>\n<p>[\/et_pb_text][et_pb_text _builder_version=&#8221;3.22.7&#8243; text_font=&#8221;||||||||&#8221; text_font_size=&#8221;18px&#8221; text_font_size_last_edited=&#8221;on|phone&#8221; text_line_height=&#8221;1.8em&#8221; width=&#8221;60%&#8221; width_tablet=&#8221;90%&#8221; width_phone=&#8221;90%&#8221; width_last_edited=&#8221;on|tablet&#8221; custom_margin=&#8221;|-36px||||&#8221;]<\/p>\n<p>Cilj rada s mladima razvijanje je osje\u0107aja humanosti, zdravstvenog prosvje\u0107ivanja, tolerancije, solidarnosti, milosr\u0111a, suosje\u0107anja i razumijevanja me\u0111u mladima u svrhu ostvarivanja sretne zajednice i postizanja trajnoga mira. Jedna od zada\u0107a je uklju\u010diti \u0161to ve\u0107i broj mladih u razli\u010dite aktivnosti i programe Crvenog kri\u017ea kako bi im se omogu\u0107ilo kvalitetnije provo\u0111enje slobodnog vremena, stjecanje novih znanja i vje\u0161tina, izgradnja dru\u0161tvenih mre\u017ea i odnosa kao i njihova priprema za ulazak u svijet odraslih kao ravnopravni pojedinci.<\/p>\n<p>Mladi se udru\u017euju u osnovne organizacije mladih Crvenog kri\u017ea koje se organiziraju pri \u0161kolama ili izravno pri dru\u0161tvima Crvenog kri\u017ea. \u010clan mladih mo\u017ee biti svaka mlada osoba koja \u017eeli dio svog slobodnog vremena posvetiti radu Crvenog kri\u017ea, redovito pla\u0107a \u010dlanarinu i prihva\u0107a na\u010dela rada Crvenog kri\u017ea.<\/p>\n<p>Na podru\u010dju Primorsko-goranske \u017eupanije mladi se organiziraju u Klubove mladih ( Rijeka, Novi Vinodolski) i u Terenske jedinice (Rijeka).<\/p>\n<h3>Mladi i volonteri GDCK Delnice<\/h3>\n<p>U osnovnim \u0161kolama s podru\u010dja djelovanja GDCK Delnice u\u010denici I. razreda osnovnih \u0161kola primaju se u organizaciju Hrvatskog Crvenog kri\u017ea.<\/p>\n<p>GDCK Delnice povodom Me\u0111unarodnog dana volontera, 5. prosinca, organizira u suradnji sa Srednjom \u0161kolom Delnice za u\u010denike III. I IV. razreda srednje \u0161kole predavanje na temu: \u201eBiti volonter\u201c.<\/p>\n<p>Predavanja provodi Tanja Jakovac, prof., voditeljica Savjetovali\u0161ta \u201eIzvor\u201c.<\/p>\n<p>Mladi se uklju\u010duju u razli\u010dite aktivnosti GDCK Delnice, u obilje\u017eavanju zna\u010dajnih datuma, sudjelovanjem na lokalnim manifestacijama promoviraju aktivnosti i rad GDCK Delnice te na\u010dela Me\u0111unarodnog pokreta Crvenog kri\u017ea i Crvenog polumjeseca.<\/p>\n<p>[\/et_pb_text][\/et_pb_column][\/et_pb_row][\/et_pb_section][et_pb_section fb_built=&#8221;1&#8243; _builder_version=&#8221;3.22.7&#8243; background_color=&#8221;#222222&#8243; custom_padding=&#8221;6px|||||&#8221; locked=&#8221;off&#8221;][et_pb_row custom_margin=&#8221;-2px|auto||auto||&#8221; _builder_version=&#8221;3.22.7&#8243; width=&#8221;90%&#8221; locked=&#8221;off&#8221;][et_pb_column type=&#8221;1_3&#8243; _builder_version=&#8221;3.22.7&#8243;][et_pb_text _builder_version=&#8221;3.22.7&#8243;]<\/p>\n<p><span style=\"color: #ff0000;\"><strong><span style=\"color: #ff0000;\">GRADSKO DRU\u0160TVO CRVENOG KRI\u017dA DELNICE<\/span><br \/> <\/strong><\/span><\/p>\n<p>Ravnatelj\/ica: Snje\u017eana Krizmani\u0107, prof.<br \/> Predsjednik\/ica: <span lang=\"EN-US\">Marina Raukar<\/span><\/p>\n<p>Adresa: \u0160kolska 25<br \/> Grad: Delnice<br \/> Po\u0161tanski broj: 51 300<\/p>\n<p>[\/et_pb_text][\/et_pb_column][et_pb_column type=&#8221;1_3&#8243; _builder_version=&#8221;3.22.7&#8243;][et_pb_image src=&#8221;https:\/\/crveni-kriz-delnice.hr\/wp-content\/uploads\/2022\/07\/CK_krug2.png&#8221; _builder_version=&#8221;3.22.7&#8243; width=&#8221;50%&#8221; module_alignment=&#8221;center&#8221; custom_padding=&#8221;0px|||||&#8221;][\/et_pb_image][et_pb_image src=&#8221;https:\/\/crveni-kriz-delnice.hr\/wp-content\/uploads\/2022\/08\/sredis\u030cnji-drz\u030cavni-ured-za-demografiju-mlade-logo.png&#8221; _builder_version=&#8221;3.22.7&#8243;][\/et_pb_image][\/et_pb_column][et_pb_column type=&#8221;1_3&#8243; _builder_version=&#8221;3.22.7&#8243;][et_pb_text _builder_version=&#8221;3.22.7&#8243;]<\/p>\n<p>Telefon: 051 812 686<br \/> Fax: 051 812 686<\/p>\n<p> E-mail: <a href=\"mailto:hck.delnice@hi.t-com.hr\">hck.delnice@hi.t-com.hr<\/a><\/p>\n<p>Facebook: <a href=\"https:\/\/hr-hr.facebook.com\/ckdelnice\/\">Gradsko dru\u0161tvo Crvenog kri\u017ea Delnice<\/a><\/p>\n<p>[\/et_pb_text][\/et_pb_column][\/et_pb_row][\/et_pb_section]<\/p>\n","protected":false},"excerpt":{"rendered":"<p>RAD S MLADIMA Cilj rada s mladima razvijanje je osje\u0107aja humanosti, zdravstvenog prosvje\u0107ivanja, tolerancije, solidarnosti, milosr\u0111a, suosje\u0107anja i razumijevanja me\u0111u mladima u svrhu ostvarivanja sretne zajednice i postizanja trajnoga mira. Jedna od zada\u0107a je uklju\u010diti \u0161to ve\u0107i broj mladih u razli\u010dite aktivnosti i programe Crvenog kri\u017ea kako bi im se omogu\u0107ilo kvalitetnije provo\u0111enje slobodnog vremena, [&hellip;]<\/p>\n","protected":false},"author":1,"featured_media":0,"parent":0,"menu_order":0,"comment_status":"closed","ping_status":"closed","template":"","meta":{"_et_pb_use_builder":"on","_et_pb_old_content":"","_et_gb_content_width":"","footnotes":""},"class_list":["post-118","page","type-page","status-publish","hentry"],"_links":{"self":[{"href":"https:\/\/crveni-kriz-delnice.hr\/index.php\/wp-json\/wp\/v2\/pages\/118","targetHints":{"allow":["GET"]}}],"collection":[{"href":"https:\/\/crveni-kriz-delnice.hr\/index.php\/wp-json\/wp\/v2\/pages"}],"about":[{"href":"https:\/\/crveni-kriz-delnice.hr\/index.php\/wp-json\/wp\/v2\/types\/page"}],"author":[{"embeddable":true,"href":"https:\/\/crveni-kriz-delnice.hr\/index.php\/wp-json\/wp\/v2\/users\/1"}],"replies":[{"embeddable":true,"href":"https:\/\/crveni-kriz-delnice.hr\/index.php\/wp-json\/wp\/v2\/comments?post=118"}],"version-history":[{"count":15,"href":"https:\/\/crveni-kriz-delnice.hr\/index.php\/wp-json\/wp\/v2\/pages\/118\/revisions"}],"predecessor-version":[{"id":469,"href":"https:\/\/crveni-kriz-delnice.hr\/index.php\/wp-json\/wp\/v2\/pages\/118\/revisions\/469"}],"wp:attachment":[{"href":"https:\/\/crveni-kriz-delnice.hr\/index.php\/wp-json\/wp\/v2\/media?parent=118"}],"curies":[{"name":"wp","href":"https:\/\/api.w.org\/{rel}","templated":true}]}}