{"id":1094,"date":"2024-03-06T08:31:36","date_gmt":"2024-03-06T08:31:36","guid":{"rendered":"https:\/\/crveni-kriz-delnice.hr\/?page_id=1094"},"modified":"2024-05-27T13:41:52","modified_gmt":"2024-05-27T13:41:52","slug":"zazeli-4","status":"publish","type":"page","link":"https:\/\/crveni-kriz-delnice.hr\/index.php\/zazeli-4\/","title":{"rendered":"Za\u017eeli IV"},"content":{"rendered":"<p>[et_pb_section fb_built=&#8221;1&#8243; _builder_version=&#8221;4.22.2&#8243; background_color=&#8221;#e2e2e4&#8243; background_image=&#8221;https:\/\/crveni-kriz-delnice.hr\/wp-content\/uploads\/2024\/03\/zazeli_pozadina2.jpg&#8221; custom_padding=&#8221;24px||2px|||&#8221; global_colors_info=&#8221;{}&#8221;][et_pb_row _builder_version=&#8221;4.25.0&#8243; width=&#8221;90%&#8221; width_tablet=&#8221;90%&#8221; width_phone=&#8221;90%&#8221; width_last_edited=&#8221;on|desktop&#8221; global_colors_info=&#8221;{}&#8221;][et_pb_column type=&#8221;4_4&#8243; _builder_version=&#8221;4.16&#8243; custom_padding=&#8221;|||&#8221; global_colors_info=&#8221;{}&#8221; custom_padding__hover=&#8221;|||&#8221;][et_pb_text _builder_version=&#8221;4.19.0&#8243; header_font=&#8221;|800|||||||&#8221; header_text_align=&#8221;left&#8221; header_font_size=&#8221;60px&#8221; width=&#8221;60%&#8221; width_tablet=&#8221;90%&#8221; width_phone=&#8221;90%&#8221; width_last_edited=&#8221;on|phone&#8221; header_font_size_tablet=&#8221;&#8221; header_font_size_phone=&#8221;30px&#8221; header_font_size_last_edited=&#8221;on|phone&#8221; border_width_bottom=&#8221;4px&#8221; border_color_bottom=&#8221;#e02b20&#8243; global_colors_info=&#8221;{}&#8221;]<\/p>\n<div class=\"entry-content clear\" itemprop=\"text\">\n<h1><span lang=\"EN-US\">Za\u017eeli Faza IV<\/span><\/h1>\n<\/div>\n<p>[\/et_pb_text][et_pb_text _builder_version=&#8221;4.25.1&#8243; text_font=&#8221;||||||||&#8221; text_font_size=&#8221;16px&#8221; text_line_height=&#8221;1.8em&#8221; width=&#8221;60%&#8221; width_tablet=&#8221;90%&#8221; width_phone=&#8221;90%&#8221; width_last_edited=&#8221;on|phone&#8221; custom_padding=&#8221;||10px||false|false&#8221; hover_enabled=&#8221;0&#8243; border_width_bottom=&#8221;1px&#8221; border_color_bottom=&#8221;rgba(0,0,0,0.5)&#8221; global_colors_info=&#8221;{}&#8221; sticky_enabled=&#8221;0&#8243;]<\/p>\n<ul>\n<li><a href=\"https:\/\/crveni-kriz-delnice.hr\/wp-content\/uploads\/2024\/05\/Trajni-javni-poziv-za-iskaz-interesa-Zazeli-IV.pdf\" rel=\"attachment wp-att-1295\">Trajni javni poziv za iskaz interesa &#8211; Za\u017eeli IV (.pdf)<\/a><\/li>\n<li><a href=\"https:\/\/crveni-kriz-delnice.hr\/wp-content\/uploads\/2024\/05\/OBRAZAC-PRIJAVE-korisnika-3.pdf\" rel=\"attachment wp-att-1294\">Obrazac prijave korisnika (.pdf)\u00a0<\/a><\/li>\n<li><a href=\"https:\/\/crveni-kriz-delnice.hr\/wp-content\/uploads\/2024\/05\/Izjava-o-clanovima-zajednickog-kucanstva-1.pdf\" rel=\"attachment wp-att-1293\">Izjava o \u010dlanovima zajedni\u010dkog ku\u0107anstva (.pdf)<\/a><\/li>\n<\/ul>\n<p>[\/et_pb_text][et_pb_text _builder_version=&#8221;4.22.2&#8243; text_font=&#8221;||||||||&#8221; text_font_size=&#8221;16px&#8221; text_line_height=&#8221;1.8em&#8221; width=&#8221;60%&#8221; width_tablet=&#8221;90%&#8221; width_phone=&#8221;90%&#8221; width_last_edited=&#8221;on|phone&#8221; custom_padding=&#8221;||10px||false|false&#8221; border_width_bottom=&#8221;1px&#8221; border_color_bottom=&#8221;rgba(0,0,0,0.5)&#8221; global_colors_info=&#8221;{}&#8221;]<\/p>\n<ul>\n<li><a href=\"https:\/\/crveni-kriz-delnice.hr\/wp-content\/uploads\/2024\/03\/Javni-poziv-za-iskaz-interesa-Zazeli_IV.pdf\" rel=\"attachment wp-att-1139\">Javni poziv za iskaz interesa &#8211; Za\u017eeli IV (.pdf)<\/a><\/li>\n<li><a href=\"https:\/\/crveni-kriz-delnice.hr\/wp-content\/uploads\/2024\/03\/Izjava-o-clanovima-zajednickog-kucanstva-1.pdf\" rel=\"attachment wp-att-1137\">Izjava o \u010dlanovima zajedni\u010dkog ku\u0107anstva (.pdf)<\/a><\/li>\n<li><a href=\"https:\/\/crveni-kriz-delnice.hr\/wp-content\/uploads\/2024\/03\/OBRAZAC-PRIJAVE-korisnika-2.pdf\" rel=\"attachment wp-att-1138\">Obrazac prijave korisnika (.pdf)<\/a><\/li>\n<\/ul>\n<p>[\/et_pb_text][et_pb_text _builder_version=&#8221;4.25.0&#8243; text_font=&#8221;||||||||&#8221; text_font_size=&#8221;16px&#8221; text_line_height=&#8221;1.8em&#8221; width=&#8221;100%&#8221; width_tablet=&#8221;90%&#8221; width_phone=&#8221;90%&#8221; width_last_edited=&#8221;on|phone&#8221; global_colors_info=&#8221;{}&#8221;]<\/p>\n<p><strong>NAZIV PROJEKTA:<\/strong><br \/><strong>\u201ePRU\u017dIMO RUKE II\u201c\u201eZa\u017eeli \u2013 prevencija institucionalizacije, kodni broj: SF.3.4.11.01.0056.<\/strong> Projekti udruga koje pru\u017eaju uslugu potpore i podr\u0161ke u svakodnevnom \u017eivotu starijim osobama i osobama s invaliditetom<\/p>\n<p><strong>NAZIV PROGRAMA:<\/strong><br \/>\u201ePRU\u017dIMO RUKE II\u201c<\/p>\n<p><strong>NOSITELJ PROJEKTA:<\/strong><br \/>Hrvatski Crveni kri\u017e Gradsko dru\u0161tvo Crvenog kri\u017ea Delnice<\/p>\n<p><strong>PERIOD PROVEDBE PROJEKTA:<\/strong><br \/>od 01.03.2024. do 28.02.2027. &#8211; 36 mjeseci<br \/>32 mjeseca rad s korisnicima, 4 mjeseca priprema i zavr\u0161etak provedbe projekta<\/p>\n<p><strong>UPRAVLJA\u010cKO TIJELO (UT):<\/strong><br \/>&#8211; PT1 Ministarstvo rada, mirovinskoga sustava, obitelji i socijalne politike<br \/>&#8211; PT2 Hrvatski zavod za zapo\u0161ljavanje, Ured za financiranje i ugovaranje projekata EU<\/p>\n<p><strong>FINANCIRANJE:<\/strong> Bespovratna sredstva 100%,<br \/><strong>VRIJEDNOST PROJEKTA:<\/strong> 960.000,00 \u20ac<\/p>\n<p><strong>PROJEKTNI PARTNERI:<\/strong><\/p>\n<ul>\n<li>Grad Delnice<\/li>\n<li>Op\u0107ina Mrkopalj<\/li>\n<li>Op\u0107ina Brod Moravice<\/li>\n<\/ul>\n<p><strong>CILJEVI PROJEKTA:<\/strong><br \/>Usluga potpore i podr\u0161ke u svakodnevnom \u017eivotu starijim osobama i osobama s invaliditetom uklju\u010duje:<\/p>\n<ul>\n<li>organiziranje prehrane (pomo\u0107 u pripremi obroka, pomo\u0107 u nabavi hrane i dr.) i\/ili<\/li>\n<li>obavljanje ku\u0107anskih poslova (pranje posu\u0111a, pospremanje stambenog prostora, dono\u0161enje vode, ogrjeva i sli\u010dno, organiziranje pranja i gla\u010danja rublja, nabava lijekova i drugih potrep\u0161tina i dr.) i\/ili<\/li>\n<li>odr\u017eavanje osobne higijene (pomo\u0107 u obla\u010denju i svla\u010denju, u kupanju i obavljanju drugih higijenskih potreba i dr. ) i\/ili<\/li>\n<li>zadovoljavanje drugih svakodnevnih potreba.<\/li>\n<\/ul>\n<p><strong>Ciljane skupine ovog projekta\/programa su:<\/strong><\/p>\n<ul>\n<li>120 korisnika<\/li>\n<li>osobe starije od 65 godina<\/li>\n<li>odrasle osobe s invaliditetom (18+ godina)<\/li>\n<\/ul>\n<p><strong>Paketi za korisnike:<\/strong><\/p>\n<ul>\n<li>provedena Javna nabava putem sustava EOJN RH<\/li>\n<li>procijenjena vrijednost nabave: 28.500,00 \u20ac<\/li>\n<li>korisnici \u0107e mjese\u0107no dobivati 5 razli\u010ditih vrsta higijenskih proizvoda<\/li>\n<li>24.04.2024. otvaranje pristiglih ponuda Javne nabave<\/li>\n<\/ul>\n<p><strong>Broj zaposlenih osoba:<\/strong><br \/>&#8211; 1 osoba administrator\/ voditelj<br \/>&#8211; za rad s korisnicima na natje\u010daj je pristiglo 29 zamolbi<\/p>\n<p style=\"padding-left: 40px;\">\u2022 zaposleno 20 osoba (\u017eena)<br \/>\u2022 za potrebe korisnika zaposlene su:<br \/>1. 12 osoba za potrebe korisnika Grada Delnica<br \/>2. 2 osobe za potrebe korisnika Op\u0107ine Mrkopalj<br \/>3. 6 osoba za potrebe korisnika Op\u0107ine Brod Moravice<\/p>\n<p>[\/et_pb_text][et_pb_image src=&#8221;https:\/\/crveni-kriz-delnice.hr\/wp-content\/uploads\/2024\/03\/zazeli_logotipovi.jpg&#8221; title_text=&#8221;zazeli_logotipovi&#8221; _builder_version=&#8221;4.22.2&#8243; _module_preset=&#8221;default&#8221; width=&#8221;40%&#8221; global_colors_info=&#8221;{}&#8221;][\/et_pb_image][\/et_pb_column][\/et_pb_row][\/et_pb_section][et_pb_section fb_built=&#8221;1&#8243; _builder_version=&#8221;4.16&#8243; background_color=&#8221;#222222&#8243; custom_padding=&#8221;6px|||||&#8221; locked=&#8221;off&#8221; global_colors_info=&#8221;{}&#8221;][et_pb_row column_structure=&#8221;1_3,1_3,1_3&#8243; _builder_version=&#8221;4.16&#8243; width=&#8221;90%&#8221; custom_margin=&#8221;-2px|auto||auto||&#8221; locked=&#8221;off&#8221; global_colors_info=&#8221;{}&#8221;][et_pb_column type=&#8221;1_3&#8243; _builder_version=&#8221;4.16&#8243; custom_padding=&#8221;|||&#8221; global_colors_info=&#8221;{}&#8221; custom_padding__hover=&#8221;|||&#8221;][et_pb_text _builder_version=&#8221;4.18.0&#8243; global_colors_info=&#8221;{}&#8221;]<\/p>\n<p><span style=\"color: #cd5c5c;\"><strong><span style=\"color: #cd5c5c;\">GRADSKO DRU\u0160TVO CRVENOG KRI\u017dA DELNICE<\/span><br \/><\/strong><\/span><\/p>\n<p>Ravnatelj\/ica: Snje\u017eana Krizmani\u0107, prof.<br \/>Predsjednik\/ica: <span lang=\"EN-US\">Marina Raukar<\/span><\/p>\n<p>Adresa: \u0160kolska 25<br \/>Grad: Delnice<br \/>Po\u0161tanski broj: 51 300<\/p>\n<p>[\/et_pb_text][\/et_pb_column][et_pb_column type=&#8221;1_3&#8243; _builder_version=&#8221;4.16&#8243; custom_padding=&#8221;|||&#8221; global_colors_info=&#8221;{}&#8221; custom_padding__hover=&#8221;|||&#8221;][et_pb_image src=&#8221;https:\/\/crveni-kriz-delnice.hr\/wp-content\/uploads\/2022\/07\/CK_krug2.png&#8221; align_tablet=&#8221;center&#8221; align_phone=&#8221;center&#8221; align_last_edited=&#8221;on|desktop&#8221; _builder_version=&#8221;4.16&#8243; width=&#8221;50%&#8221; module_alignment=&#8221;center&#8221; custom_padding=&#8221;0px|||||&#8221; global_colors_info=&#8221;{}&#8221;][\/et_pb_image][et_pb_image src=&#8221;https:\/\/crveni-kriz-delnice.hr\/wp-content\/uploads\/2022\/08\/sredis\u030cnji-drz\u030cavni-ured-za-demografiju-mlade-logo.png&#8221; align_tablet=&#8221;center&#8221; align_phone=&#8221;center&#8221; align_last_edited=&#8221;on|desktop&#8221; _builder_version=&#8221;4.16&#8243; global_colors_info=&#8221;{}&#8221;][\/et_pb_image][\/et_pb_column][et_pb_column type=&#8221;1_3&#8243; _builder_version=&#8221;4.16&#8243; custom_padding=&#8221;|||&#8221; global_colors_info=&#8221;{}&#8221; custom_padding__hover=&#8221;|||&#8221;][et_pb_text _builder_version=&#8221;4.16&#8243; global_colors_info=&#8221;{}&#8221;]<\/p>\n<p>Telefon: 051 812 686<br \/> Fax: 051 812 686<\/p>\n<p> E-mail: <a href=\"mailto:hck.delnice@hi.t-com.hr\">hck.delnice@hi.t-com.hr<\/a><\/p>\n<p>Facebook: <a href=\"https:\/\/hr-hr.facebook.com\/ckdelnice\/\">Gradsko dru\u0161tvo Crvenog kri\u017ea Delnice<\/a><\/p>\n<p>[\/et_pb_text][\/et_pb_column][\/et_pb_row][\/et_pb_section]<\/p>\n","protected":false},"excerpt":{"rendered":"<p>Za\u017eeli Faza IV Trajni javni poziv za iskaz interesa &#8211; Za\u017eeli IV (.pdf) Obrazac prijave korisnika (.pdf)\u00a0 Izjava o \u010dlanovima zajedni\u010dkog ku\u0107anstva (.pdf) Javni poziv za iskaz interesa &#8211; Za\u017eeli IV (.pdf) Izjava o \u010dlanovima zajedni\u010dkog ku\u0107anstva (.pdf) Obrazac prijave korisnika (.pdf) NAZIV PROJEKTA:\u201ePRU\u017dIMO RUKE II\u201c\u201eZa\u017eeli \u2013 prevencija institucionalizacije, kodni broj: SF.3.4.11.01.0056. Projekti udruga koje [&hellip;]<\/p>\n","protected":false},"author":1,"featured_media":0,"parent":0,"menu_order":0,"comment_status":"closed","ping_status":"closed","template":"","meta":{"_et_pb_use_builder":"on","_et_pb_old_content":"","_et_gb_content_width":"","footnotes":""},"class_list":["post-1094","page","type-page","status-publish","hentry"],"_links":{"self":[{"href":"https:\/\/crveni-kriz-delnice.hr\/index.php\/wp-json\/wp\/v2\/pages\/1094","targetHints":{"allow":["GET"]}}],"collection":[{"href":"https:\/\/crveni-kriz-delnice.hr\/index.php\/wp-json\/wp\/v2\/pages"}],"about":[{"href":"https:\/\/crveni-kriz-delnice.hr\/index.php\/wp-json\/wp\/v2\/types\/page"}],"author":[{"embeddable":true,"href":"https:\/\/crveni-kriz-delnice.hr\/index.php\/wp-json\/wp\/v2\/users\/1"}],"replies":[{"embeddable":true,"href":"https:\/\/crveni-kriz-delnice.hr\/index.php\/wp-json\/wp\/v2\/comments?post=1094"}],"version-history":[{"count":8,"href":"https:\/\/crveni-kriz-delnice.hr\/index.php\/wp-json\/wp\/v2\/pages\/1094\/revisions"}],"predecessor-version":[{"id":1296,"href":"https:\/\/crveni-kriz-delnice.hr\/index.php\/wp-json\/wp\/v2\/pages\/1094\/revisions\/1296"}],"wp:attachment":[{"href":"https:\/\/crveni-kriz-delnice.hr\/index.php\/wp-json\/wp\/v2\/media?parent=1094"}],"curies":[{"name":"wp","href":"https:\/\/api.w.org\/{rel}","templated":true}]}}